{"id":255,"date":"2017-03-20T10:46:46","date_gmt":"2017-03-20T17:46:46","guid":{"rendered":"https:\/\/www.hillandpiibe.com\/?page_id=255\/"},"modified":"2021-02-19T14:19:40","modified_gmt":"2021-02-19T22:19:40","slug":"our-fees","status":"publish","type":"page","link":"https:\/\/www.hillandpiibe.com\/es\/why-choose-us\/our-fees\/","title":{"rendered":"Nuestros honorarios"},"content":{"rendered":"<h2>Costos de Citas<\/h2>\n<ul>\n<li><a href=\"#CitaGratuita\">GRATIS Citas de evaluaci\u00f3n de casos iniciales <\/a>&#8211; para la mayor\u00eda de los casos<\/li>\n<li><a href=\"#Consulta\">Consulta Legal<\/a> $350\/hora &#8211; para asesoramiento legal y estrategia sobre visas y tarjetas verdes de empleo<\/li>\n<\/ul>\n<p>&nbsp;<\/p>\n<h1><a id=\"CitaGratuita\"><\/a>Cita de Evaluaci\u00f3n Inicial Gratuita<\/h1>\n<p><strong>Por tel\u00e9fono, correo electr\u00f3nico o en persona.<\/strong>\u00a0Usted se reunir\u00e1 con un abogado y nuestro experimentado personal, que revisar\u00e1 su informaci\u00f3n b\u00e1sica.<strong><br \/>\n<\/strong><\/p>\n<p><strong>30 minutos o menos.<\/strong> Esta cita de evaluaci\u00f3n normalmente cuesta $ 60 por hora, pero la cuota se renuncia si la cita se completa en 30 minutos<\/p>\n<p><strong>No hay asesoramiento legal.<\/strong> El \u00fanico prop\u00f3sito de esta cita es para determinar si podemos tomar su caso, y para informarle de nuestros honorarios para representarlo. No hay riesgo de que gaste dinero s\u00f3lo para escuchar que no podemos ayudar.<\/p>\n<p><strong>Tipos comunes de casos para esta cita<\/strong>. Aproximadamente el 90% de nuestras citas pertenecen a esta categor\u00eda. Esta cita es apropiada para:<\/p>\n<ul>\n<li>Remoci\u00f3n\/Casos de Deportaci\u00f3n<\/li>\n<li>Casos de detenci\u00f3n<\/li>\n<li>Mociones y apelaciones<\/li>\n<li>Tarjetas verdes basadas en la familia (No viajes dentro\/fuera de Estados Unidos mientras el papeleo est\u00e1 pendiente)<\/li>\n<li>Perdones<\/li>\n<li>Cuestiones Penales<\/li>\n<li>Asilo<\/li>\n<li>DACA<\/li>\n<li>Renovaci\u00f3n de tarjeta verde<\/li>\n<li>Naturalizaci\u00f3n<\/li>\n<\/ul>\n<p><strong>Casos complejos<\/strong> pueden requerir m\u00e1s investigaci\u00f3n legal. Usted tendr\u00e1 la opci\u00f3n de retener el bufete de abogados para esta investigaci\u00f3n adicional.<\/p>\n<p><strong>Si est\u00e1 detenido<\/strong>, puede enviar un amigo o familiar con autorizaci\u00f3n para hablar en su nombre.<\/p>\n<p>&nbsp;<\/p>\n<h1><a id=\"Consulta\"><\/a>Consulta de Asesoramiento Legal<\/h1>\n<p><strong>Costo: $350\/hora<\/strong>\u00a0<strong>o $175 por 30 minutos<\/strong><\/p>\n<p><strong>El costo de la cita se acredita a sus honorarios legales<\/strong> si usted retiene Hill &amp; Piibe para el caso.<\/p>\n<p><strong>Tel\u00e9fono, Skype y citas de correo electr\u00f3nico disponibles<\/strong>, as\u00ed como reuniones en persona en nuestras oficinas.<\/p>\n<p><strong>Tipos comunes de casos para esta cita:<\/strong><\/p>\n<ul>\n<li>Visas (incluyendo Visa de Prometido)<\/li>\n<li>Tarjetas verde de empleo<\/li>\n<li>Inversionistas<\/li>\n<li>Exenci\u00f3n de visado\/ESTA<\/li>\n<li>Tarjetas verdes de matrimonio si necesita viajar dentro y fuera de los Estados Unidos mientras el papeleo est\u00e1 pendiente<\/li>\n<li>Cualquier otro asesoramiento legal, incluyendo c\u00f3mo contestar preguntas en los formularios de inmigraci\u00f3n<\/li>\n<\/ul>\n<h1>Informaci\u00f3n de inmigraci\u00f3n gratis en l\u00ednea<\/h1>\n<p>Antes de programar una consulta con Hill &amp; Piibe, le recomendamos que visite la informaci\u00f3n completa disponible sin costo en alguna parte de este sitio web o del gobierno de los Estados Unidos. Estos enlaces y sitios web responden a muchas preguntas sobre la ley de inmigraci\u00f3n y c\u00f3mo calificar y solicitar beneficios:<\/p>\n<p><a href=\"https:\/\/www.hillandpiibe.com\/es\/immigration-services\/\">Hill &amp; Piibe Servicios de Inmigraci\u00f3n <\/a><\/p>\n<p><a href=\"https:\/\/www.uscis.gov\/\" target=\"_blank\" rel=\"noopener noreferrer\"> Sitio Web de USCIS (Servicios de Ciudadan\u00eda e Inmigraci\u00f3n de los Estados Unidos<\/a><\/p>\n<p><a href=\"https:\/\/www.state.gov\/\" target=\"_blank\" rel=\"noopener noreferrer\">Sitio web del Departamento de Estado de los Estados Unidos<\/a><\/p>\n<p><a href=\"https:\/\/www.uscis.gov\/working-united-states\/working-us\" target=\"_blank\" rel=\"noopener noreferrer\">USCIS Informaci\u00f3n sobre negocios \/ Visa \/ Inmigraci\u00f3n inversionista<\/a><\/p>\n<h1>Informaci\u00f3n Adicional<\/h1>\n<h3>Confidencialidad y Relaci\u00f3n Abogado-Cliente<\/h3>\n<p>Todas las consultas y evaluaciones se mantienen confidenciales. Tenga en cuenta que una consulta \/ evaluaci\u00f3n no obliga a Hill &amp; Piibe como sus abogados, o para representarlo ante el Servicio de Inmigraci\u00f3n o cualquier tribunal. Se debe firmar un acuerdo escrito por separado si desea alg\u00fan servicio legal.<\/p>\n<h3>Para programar<\/h3>\n<p>Por favor contacte cualquier oficina directamente:<\/p>\n<ul>\n<li>Downtown Los \u00c1ngeles: (213) 622-8775<\/li>\n<li>San Juan Capistrano (South Orange County): (949) 443-0488<\/li>\n<li>Correo electr\u00f3nico <a href=\"mailto:info@hillandpiibe.com\">info@hillandpiibe.com<\/a> para una cite con cualquier oficina.<\/li>\n<\/ul>\n<h3>\u00a0Acerca de honorarios de abogado<\/h3>\n<ul>\n<li><strong>Tarifa fija<\/strong>: Hill &amp; Piibe cobra una tarifa fija en la mayor\u00eda de los casos, con un dep\u00f3sito de aproximadamente 50% hacia abajo y pagos mensuales disponibles<\/li>\n<li><strong>Los pagos iniciales<\/strong> se deben hacer en una cantidad a tanto alzado &#8211; no aceptamos cuotas de pago en anticipos<\/li>\n<li><strong>En casos acelerados<\/strong>, puede aplicarse un modelo de pago diferente.<\/li>\n<li><strong>No inter\u00e9s<\/strong>: No cobramos intereses en los saldos adeudados.<\/li>\n<li><strong>Cargo por demora:<\/strong> Cobramos una multa por recargo por pagos atrasados.<\/li>\n<li><strong>Honorarios de presentaci\u00f3n del gobierno<\/strong> NO EST\u00c1N INCLUIDAS en honorarios de abogados<\/li>\n<li><strong>Los honorarios del abogado no cubren costos excesivos<\/strong> tales como franqueo, copia, traducciones, servicios profesionales tales como m\u00e9dicos y psic\u00f3logos, transporte, hotel, etc. Esto no es una lista exhaustiva.<\/li>\n<li><strong>Rango de honorarios:<\/strong> Cada caso var\u00eda dependiendo de su complejidad, pero nuestros honorarios fijos oscilan entre $ 250 para investigaci\u00f3n b\u00e1sica\/servicios a $ 7,500 o m\u00e1s para casos complejos.<\/li>\n<\/ul>\n<p>Hill &amp; Piibe no est\u00e1 obligado a comenzar el trabajo en cualquier caso hasta que se reciba el pago inicial y todos los retornos escritos y cuestionarios de admisi\u00f3n est\u00e9n completos en totalidad, se firmen y se devuelvan a Hill &amp; Piibe.<strong>\u00a0<\/strong><\/p>\n<h3>M\u00e9todos de Pago<\/h3>\n<p>Aceptamos pagos en efectivo, giro postal, cheque o tarjeta de d\u00e9bito o cr\u00e9dito (Visa o MasterCard). Las transferencias electr\u00f3nicas se aceptan por un cargo de procesamiento adicional.<strong><br \/>\n<\/strong><\/p>\n<h3>Lo que necesitar\u00e1 en su cita<\/h3>\n<p>Por favor traiga todos sus documentos de inmigraci\u00f3n y antecedentes penales a la cita. Para consultas por tel\u00e9fono\/Skype y por correo electr\u00f3nico, deber\u00e1 completar un cuestionario de admisi\u00f3n que ser\u00e1 enviado por fax o por correo electr\u00f3nico de antemano. Puede proporcionar hasta 15 p\u00e1ginas de documentos a la oficina de antemano por fax, o un n\u00famero ilimitado de documentos por correo electr\u00f3nico.<\/p>\n","protected":false},"excerpt":{"rendered":"<p>Costos de Citas GRATIS Citas de evaluaci\u00f3n de casos iniciales &#8211; para la mayor\u00eda de los casos Consulta Legal $350\/hora &#8211; para asesoramiento legal y estrategia sobre visas y tarjetas verdes de empleo &nbsp; Cita de Evaluaci\u00f3n Inicial Gratuita Por tel\u00e9fono, correo electr\u00f3nico o en persona.\u00a0Usted se reunir\u00e1 con un abogado y nuestro experimentado personal, [&hellip;]<\/p>\n","protected":false},"author":448,"featured_media":0,"parent":252,"menu_order":0,"comment_status":"closed","ping_status":"closed","template":"","meta":{"_acf_changed":false,"footnotes":""},"class_list":["post-255","page","type-page","status-publish","hentry"],"acf":[],"yoast_head":"<!-- This site is optimized with the Yoast SEO plugin v27.2 - https:\/\/yoast.com\/product\/yoast-seo-wordpress\/ -->\n<title>Tarifas para servicios de inmigraci\u00f3n \u2022 Hill &amp; Piibe<\/title>\n<meta name=\"description\" content=\"Nuestros abogados de inmigraci\u00f3n de Los \u00c1ngeles y el Condado de Orange ofrecen una evaluaci\u00f3n gratuita, en persona evaluaci\u00f3n de su caso. Obtenga m\u00e1s informaci\u00f3n sobre nuestras tarifas y sus opciones.\" \/>\n<meta name=\"robots\" content=\"index, follow, max-snippet:-1, max-image-preview:large, max-video-preview:-1\" \/>\n<link rel=\"canonical\" href=\"https:\/\/www.hillandpiibe.com\/es\/why-choose-us\/our-fees\/\" \/>\n<meta name=\"twitter:label1\" content=\"Tiempo de lectura\" \/>\n\t<meta name=\"twitter:data1\" content=\"4 minutos\" \/>\n<script type=\"application\/ld+json\" class=\"yoast-schema-graph\">{\"@context\":\"https:\/\/schema.org\",\"@graph\":[{\"@type\":\"WebPage\",\"@id\":\"https:\/\/www.hillandpiibe.com\/es\/why-choose-us\/our-fees\/\",\"url\":\"https:\/\/www.hillandpiibe.com\/es\/why-choose-us\/our-fees\/\",\"name\":\"Tarifas para servicios de inmigraci\u00f3n \u2022 Hill & Piibe\",\"isPartOf\":{\"@id\":\"https:\/\/www.hillandpiibe.com\/en\/#website\"},\"datePublished\":\"2017-03-20T17:46:46+00:00\",\"dateModified\":\"2021-02-19T22:19:40+00:00\",\"description\":\"Nuestros abogados de inmigraci\u00f3n de Los \u00c1ngeles y el Condado de Orange ofrecen una evaluaci\u00f3n gratuita, en persona evaluaci\u00f3n de su caso. Obtenga m\u00e1s informaci\u00f3n sobre nuestras tarifas y sus opciones.\",\"breadcrumb\":{\"@id\":\"https:\/\/www.hillandpiibe.com\/es\/why-choose-us\/our-fees\/#breadcrumb\"},\"inLanguage\":\"es\",\"potentialAction\":[{\"@type\":\"ReadAction\",\"target\":[\"https:\/\/www.hillandpiibe.com\/es\/why-choose-us\/our-fees\/\"]}]},{\"@type\":\"BreadcrumbList\",\"@id\":\"https:\/\/www.hillandpiibe.com\/es\/why-choose-us\/our-fees\/#breadcrumb\",\"itemListElement\":[{\"@type\":\"ListItem\",\"position\":1,\"name\":\"Home\",\"item\":\"https:\/\/www.hillandpiibe.com\/es\/\"},{\"@type\":\"ListItem\",\"position\":2,\"name\":\"Por qu\u00e9 elegirnos\",\"item\":\"https:\/\/www.hillandpiibe.com\/es\/why-choose-us\/\"},{\"@type\":\"ListItem\",\"position\":3,\"name\":\"Nuestros honorarios\"}]},{\"@type\":\"WebSite\",\"@id\":\"https:\/\/www.hillandpiibe.com\/en\/#website\",\"url\":\"https:\/\/www.hillandpiibe.com\/en\/\",\"name\":\"Hill &amp; Piibe, Immigration Attorneys\",\"description\":\"\",\"potentialAction\":[{\"@type\":\"SearchAction\",\"target\":{\"@type\":\"EntryPoint\",\"urlTemplate\":\"https:\/\/www.hillandpiibe.com\/en\/?s={search_term_string}\"},\"query-input\":{\"@type\":\"PropertyValueSpecification\",\"valueRequired\":true,\"valueName\":\"search_term_string\"}}],\"inLanguage\":\"es\"}]}<\/script>\n<!-- \/ Yoast SEO plugin. -->","yoast_head_json":{"title":"Tarifas para servicios de inmigraci\u00f3n \u2022 Hill & Piibe","description":"Nuestros abogados de inmigraci\u00f3n de Los \u00c1ngeles y el Condado de Orange ofrecen una evaluaci\u00f3n gratuita, en persona evaluaci\u00f3n de su caso. Obtenga m\u00e1s informaci\u00f3n sobre nuestras tarifas y sus opciones.","robots":{"index":"index","follow":"follow","max-snippet":"max-snippet:-1","max-image-preview":"max-image-preview:large","max-video-preview":"max-video-preview:-1"},"canonical":"https:\/\/www.hillandpiibe.com\/es\/why-choose-us\/our-fees\/","twitter_misc":{"Tiempo de lectura":"4 minutos"},"schema":{"@context":"https:\/\/schema.org","@graph":[{"@type":"WebPage","@id":"https:\/\/www.hillandpiibe.com\/es\/why-choose-us\/our-fees\/","url":"https:\/\/www.hillandpiibe.com\/es\/why-choose-us\/our-fees\/","name":"Tarifas para servicios de inmigraci\u00f3n \u2022 Hill & Piibe","isPartOf":{"@id":"https:\/\/www.hillandpiibe.com\/en\/#website"},"datePublished":"2017-03-20T17:46:46+00:00","dateModified":"2021-02-19T22:19:40+00:00","description":"Nuestros abogados de inmigraci\u00f3n de Los \u00c1ngeles y el Condado de Orange ofrecen una evaluaci\u00f3n gratuita, en persona evaluaci\u00f3n de su caso. Obtenga m\u00e1s informaci\u00f3n sobre nuestras tarifas y sus opciones.","breadcrumb":{"@id":"https:\/\/www.hillandpiibe.com\/es\/why-choose-us\/our-fees\/#breadcrumb"},"inLanguage":"es","potentialAction":[{"@type":"ReadAction","target":["https:\/\/www.hillandpiibe.com\/es\/why-choose-us\/our-fees\/"]}]},{"@type":"BreadcrumbList","@id":"https:\/\/www.hillandpiibe.com\/es\/why-choose-us\/our-fees\/#breadcrumb","itemListElement":[{"@type":"ListItem","position":1,"name":"Home","item":"https:\/\/www.hillandpiibe.com\/es\/"},{"@type":"ListItem","position":2,"name":"Por qu\u00e9 elegirnos","item":"https:\/\/www.hillandpiibe.com\/es\/why-choose-us\/"},{"@type":"ListItem","position":3,"name":"Nuestros honorarios"}]},{"@type":"WebSite","@id":"https:\/\/www.hillandpiibe.com\/en\/#website","url":"https:\/\/www.hillandpiibe.com\/en\/","name":"Hill &amp; Piibe, Immigration Attorneys","description":"","potentialAction":[{"@type":"SearchAction","target":{"@type":"EntryPoint","urlTemplate":"https:\/\/www.hillandpiibe.com\/en\/?s={search_term_string}"},"query-input":{"@type":"PropertyValueSpecification","valueRequired":true,"valueName":"search_term_string"}}],"inLanguage":"es"}]}},"jetpack_sharing_enabled":true,"_links":{"self":[{"href":"https:\/\/www.hillandpiibe.com\/es\/wp-json\/wp\/v2\/pages\/255","targetHints":{"allow":["GET"]}}],"collection":[{"href":"https:\/\/www.hillandpiibe.com\/es\/wp-json\/wp\/v2\/pages"}],"about":[{"href":"https:\/\/www.hillandpiibe.com\/es\/wp-json\/wp\/v2\/types\/page"}],"author":[{"embeddable":true,"href":"https:\/\/www.hillandpiibe.com\/es\/wp-json\/wp\/v2\/users\/448"}],"replies":[{"embeddable":true,"href":"https:\/\/www.hillandpiibe.com\/es\/wp-json\/wp\/v2\/comments?post=255"}],"version-history":[{"count":1,"href":"https:\/\/www.hillandpiibe.com\/es\/wp-json\/wp\/v2\/pages\/255\/revisions"}],"predecessor-version":[{"id":714,"href":"https:\/\/www.hillandpiibe.com\/es\/wp-json\/wp\/v2\/pages\/255\/revisions\/714"}],"up":[{"embeddable":true,"href":"https:\/\/www.hillandpiibe.com\/es\/wp-json\/wp\/v2\/pages\/252"}],"wp:attachment":[{"href":"https:\/\/www.hillandpiibe.com\/es\/wp-json\/wp\/v2\/media?parent=255"}],"curies":[{"name":"wp","href":"https:\/\/api.w.org\/{rel}","templated":true}]}}