{"id":254,"date":"2017-03-20T10:46:40","date_gmt":"2017-03-20T17:46:40","guid":{"rendered":"https:\/\/www.hillandpiibe.com\/?page_id=254\/"},"modified":"2017-06-08T10:35:20","modified_gmt":"2017-06-08T17:35:20","slug":"in-the-community","status":"publish","type":"page","link":"https:\/\/www.hillandpiibe.com\/es\/why-choose-us\/in-the-community\/","title":{"rendered":"En la comunidad"},"content":{"rendered":"<p>En Hill &amp; Piibe, estamos comprometidos con la comunidad y ayudar a la comunidad de inmigrantes. Separamos el hecho de la ficci\u00f3n para ayudar a los inmigrantes a evitar ser v\u00edctimas de negocios deshonestos.<\/p>\n<p>Nos hemos comprometido a proporcionar servicios gratuitos de informaci\u00f3n y ofrecemos <a href=\"\/es\/contact-us\/\">citas gratuitas de evaluaci\u00f3n<\/a> en persona para que los clientes descubran, sin costo, si tienen un caso que valga la pena perseguir. Algunas personas calificadas cuentan con representaciones pro bono y bajo costo.<\/p>\n<p>Nuestros abogados hablan en seminarios comunitarios y eventos sobre una variedad de temas relacionados con la ley de inmigraci\u00f3n. Participamos y\/ o apoyamos a estas organizaciones comunitarias u organizaciones sin \u00e1nimo de lucro:<\/p>\n<ul>\n<li><a href=\"http:\/\/bresee.org\/\" target=\"_blank\" rel=\"noopener noreferrer\">Bresee Foundation Youth Center<br \/>\n <\/a>Centro Juvenil de la Fundaci\u00f3n Bresee<\/li>\n<\/ul>\n<ul>\n<li><a href=\"https:\/\/amanecerla.org\/\" target=\"_blank\" rel=\"noopener noreferrer\">Amanecer Community Counseling Service<br \/>\n <\/a>Servicio de asesoramiento comunitario de Amanecer<\/li>\n<\/ul>\n<ul>\n<li><a href=\"http:\/\/humanoptions.org\/\" target=\"_blank\" rel=\"noopener noreferrer\">Human Options<\/a> (Domestic Violence Resource Center) via the <a href=\"http:\/\/orange.networkofcare.org\/mh\/services\/agency.aspx?pid=CHECFamilyResourceCenterHealthAccess_348_2_0\" target=\"_blank\" rel=\"noopener noreferrer\">CHEC Family Resource Center in San Juan Capistrano<br \/>\n <\/a>Opciones Humanas (Centro de Recursos para la Violencia Dom\u00e9stica) a trav\u00e9s del CHEC <br \/>\n Centro de Recursos Familiares en San Juan Capistrano<\/li>\n<\/ul>\n<ul>\n<li><a href=\"https:\/\/www.facebook.com\/CreerSJC\/\" target=\"_blank\" rel=\"noopener noreferrer\">CREER<\/a> Community\/Family of San Juan Capistrano (education programs)<br \/>\n Comunidad \/ Familia CREER de San Juan Capistrano (programas educativos)<\/li>\n<\/ul>\n<ul>\n<li><a href=\"http:\/\/refugees.org\/\" target=\"_blank\" rel=\"noopener noreferrer\">U.S. Committee for Refugees and Immigrants<br \/>\n <\/a>Comit\u00e9 de los Estados Unidos para los Refugiados e Inmigrantes<\/li>\n<\/ul>\n<ul>\n<li><a href=\"https:\/\/www.outrightinternational.org\/\" target=\"_blank\" rel=\"noopener noreferrer\">International Gay and Lesbian Human Rights Commission<\/a> (IGLHRC)<br \/>\n Comisi\u00f3n Internacional de Derechos Humanos de Gays y Lesbianas (IGLHRC)<\/li>\n<\/ul>\n<ul>\n<li><a href=\"http:\/\/www.hrproject.org\/\" target=\"_blank\" rel=\"noopener noreferrer\">Human Rights Project<br \/>\n <\/a>Proyecto de Derechos Humanos<\/li>\n<\/ul>\n<ul>\n<li><a href=\"http:\/\/www.ptvla.org\/\" target=\"_blank\" rel=\"noopener noreferrer\">Program for Torture Victims<br \/>\n <\/a>Programa para las v\u00edctimas de la tortura<\/li>\n<\/ul>\n<ul>\n<li><a href=\"http:\/\/www.amnesty.org\/\" target=\"_blank\" rel=\"noopener noreferrer\">Amnesty International<br \/>\n <\/a>Amnist\u00eda Internacional<\/li>\n<\/ul>\n<ul>\n<li><a href=\"http:\/\/cgrs.uchastings.edu\/\" target=\"_blank\" rel=\"noopener noreferrer\">Center for Gender and Refugee Studies<br \/>\n <\/a>Centro de Estudios sobre G\u00e9nero y Refugiados<\/li>\n<\/ul>\n<ul>\n<li><a href=\"http:\/\/www.aila.org\/\" target=\"_blank\" rel=\"noopener noreferrer\">American Immigration Lawyers Association<br \/>\n <\/a>Asociaci\u00f3n Americana de Abogados de Inmigraci\u00f3n<\/li>\n<\/ul>\n<ul>\n<li><a href=\"http:\/\/www.lacba.org\/\" target=\"_blank\" rel=\"noopener noreferrer\">Los \u00c1ngeles County Bar Association<br \/>\n <\/a>Colegio de Abogados del Condado de Los Angeles<\/li>\n<\/ul>\n<ul>\n<li><a href=\"https:\/\/www.opcc.net\/sojourn?nd=sojourn\" target=\"_blank\" rel=\"noopener noreferrer\">Sojourn Services for Battered Women<br \/>\n <\/a>Servicios de estancia para mujeres maltratadas<\/li>\n<\/ul>\n<ul>\n<li><a href=\"http:\/\/www.wlala.org\/\" target=\"_blank\" rel=\"noopener noreferrer\">Women Lawyers Association of Los \u00c1ngeles<\/a> (Domestic Violence Project)<br \/>\n Asociaci\u00f3n de Abogadas de Los \u00c1ngeles (Proyecto de Violencia Dom\u00e9stica)<\/li>\n<\/ul>\n<ul>\n<li><a href=\"http:\/\/www.mabaattorneys.com\/\" target=\"_blank\" rel=\"noopener noreferrer\">Mexican American Bar Association<\/a> (pro bono attorney program)<br \/>\n Mexican American Bar Association (programa de abogados pro bono)<\/li>\n<\/ul>\n<ul>\n<li><a href=\"http:\/\/www.sanjuanchamber.com\/\" target=\"_blank\" rel=\"noopener noreferrer\">San Juan Capistrano Chamber of Commerce<br \/>\n <\/a>C\u00e1mara de Comercio de San Juan Capistrano<\/li>\n<\/ul>\n<ul>\n<li><a href=\"https:\/\/www.facebook.com\/sjc.lbc\/\" target=\"_blank\" rel=\"noopener noreferrer\">SJC Latino Business Council<br \/>\n <\/a>Consejo Latinoamericano de Negocios SJC<\/li>\n<\/ul>\n<ul>\n<li><a href=\"http:\/\/danapointchamber.com\/\" target=\"_blank\" rel=\"noopener noreferrer\">Dana Point Chamber of Commerce<br \/>\n <\/a>C\u00e1mara de Comercio de Dana Point<\/li>\n<\/ul>\n<ul>\n<li><a href=\"http:\/\/www.scchamber.com\/\" target=\"_blank\" rel=\"noopener noreferrer\">San Clemente Chamber of Commerce<br \/>\n <\/a>C\u00e1mara de Comercio de San Clemente<\/li>\n<\/ul>\n<p>Le damos la bienvenida a aprender m\u00e1s sobre nuestros <a href=\"\/es\/practice-areas\/\">servicios de inmigraci\u00f3n<\/a> y nuestro <a href=\"\/en\/why-choose-us\/\">bufete de abogados<\/a>. <a href=\"\/es\/contact-us\/\">Contacte a Hill y Piibe<\/a> si usted tiene preguntas sobre una materia de la inmigraci\u00f3n.<\/p>\n","protected":false},"excerpt":{"rendered":"<p>En Hill &amp; Piibe, estamos comprometidos con la comunidad y ayudar a la comunidad de inmigrantes. Separamos el hecho de la ficci\u00f3n para ayudar a los inmigrantes a evitar ser v\u00edctimas de negocios deshonestos. Nos hemos comprometido a proporcionar servicios gratuitos de informaci\u00f3n y ofrecemos citas gratuitas de evaluaci\u00f3n en persona para que los clientes [&hellip;]<\/p>\n","protected":false},"author":448,"featured_media":0,"parent":252,"menu_order":0,"comment_status":"closed","ping_status":"closed","template":"","meta":{"_acf_changed":false,"footnotes":""},"class_list":["post-254","page","type-page","status-publish","hentry"],"acf":[],"yoast_head":"<!-- This site is optimized with the Yoast SEO plugin v27.2 - https:\/\/yoast.com\/product\/yoast-seo-wordpress\/ -->\n<title>Nuestro Compromiso con la Comunidad \u2022 Hill &amp; Piibe<\/title>\n<meta name=\"description\" content=\"Los abogados de inmigraci\u00f3n de Hill &amp; Piibe&#039;s L.A. est\u00e1n comprometidos en ayudar a la comunidad de inmigrantes y proveer servicios gratuitos de informaci\u00f3n sobre la ley de inmigraci\u00f3n.\" \/>\n<meta name=\"robots\" content=\"index, follow, max-snippet:-1, max-image-preview:large, max-video-preview:-1\" \/>\n<link rel=\"canonical\" href=\"https:\/\/www.hillandpiibe.com\/es\/why-choose-us\/in-the-community\/\" \/>\n<meta name=\"twitter:label1\" content=\"Tiempo de lectura\" \/>\n\t<meta name=\"twitter:data1\" content=\"2 minutos\" \/>\n<script type=\"application\/ld+json\" class=\"yoast-schema-graph\">{\"@context\":\"https:\/\/schema.org\",\"@graph\":[{\"@type\":\"WebPage\",\"@id\":\"https:\/\/www.hillandpiibe.com\/es\/why-choose-us\/in-the-community\/\",\"url\":\"https:\/\/www.hillandpiibe.com\/es\/why-choose-us\/in-the-community\/\",\"name\":\"Nuestro Compromiso con la Comunidad \u2022 Hill & Piibe\",\"isPartOf\":{\"@id\":\"https:\/\/www.hillandpiibe.com\/en\/#website\"},\"datePublished\":\"2017-03-20T17:46:40+00:00\",\"dateModified\":\"2017-06-08T17:35:20+00:00\",\"description\":\"Los abogados de inmigraci\u00f3n de Hill & Piibe's L.A. est\u00e1n comprometidos en ayudar a la comunidad de inmigrantes y proveer servicios gratuitos de informaci\u00f3n sobre la ley de inmigraci\u00f3n.\",\"breadcrumb\":{\"@id\":\"https:\/\/www.hillandpiibe.com\/es\/why-choose-us\/in-the-community\/#breadcrumb\"},\"inLanguage\":\"es\",\"potentialAction\":[{\"@type\":\"ReadAction\",\"target\":[\"https:\/\/www.hillandpiibe.com\/es\/why-choose-us\/in-the-community\/\"]}]},{\"@type\":\"BreadcrumbList\",\"@id\":\"https:\/\/www.hillandpiibe.com\/es\/why-choose-us\/in-the-community\/#breadcrumb\",\"itemListElement\":[{\"@type\":\"ListItem\",\"position\":1,\"name\":\"Home\",\"item\":\"https:\/\/www.hillandpiibe.com\/es\/\"},{\"@type\":\"ListItem\",\"position\":2,\"name\":\"Por qu\u00e9 elegirnos\",\"item\":\"https:\/\/www.hillandpiibe.com\/es\/why-choose-us\/\"},{\"@type\":\"ListItem\",\"position\":3,\"name\":\"En la comunidad\"}]},{\"@type\":\"WebSite\",\"@id\":\"https:\/\/www.hillandpiibe.com\/en\/#website\",\"url\":\"https:\/\/www.hillandpiibe.com\/en\/\",\"name\":\"Hill &amp; Piibe, Immigration Attorneys\",\"description\":\"\",\"potentialAction\":[{\"@type\":\"SearchAction\",\"target\":{\"@type\":\"EntryPoint\",\"urlTemplate\":\"https:\/\/www.hillandpiibe.com\/en\/?s={search_term_string}\"},\"query-input\":{\"@type\":\"PropertyValueSpecification\",\"valueRequired\":true,\"valueName\":\"search_term_string\"}}],\"inLanguage\":\"es\"}]}<\/script>\n<!-- \/ Yoast SEO plugin. -->","yoast_head_json":{"title":"Nuestro Compromiso con la Comunidad \u2022 Hill & Piibe","description":"Los abogados de inmigraci\u00f3n de Hill & Piibe's L.A. est\u00e1n comprometidos en ayudar a la comunidad de inmigrantes y proveer servicios gratuitos de informaci\u00f3n sobre la ley de inmigraci\u00f3n.","robots":{"index":"index","follow":"follow","max-snippet":"max-snippet:-1","max-image-preview":"max-image-preview:large","max-video-preview":"max-video-preview:-1"},"canonical":"https:\/\/www.hillandpiibe.com\/es\/why-choose-us\/in-the-community\/","twitter_misc":{"Tiempo de lectura":"2 minutos"},"schema":{"@context":"https:\/\/schema.org","@graph":[{"@type":"WebPage","@id":"https:\/\/www.hillandpiibe.com\/es\/why-choose-us\/in-the-community\/","url":"https:\/\/www.hillandpiibe.com\/es\/why-choose-us\/in-the-community\/","name":"Nuestro Compromiso con la Comunidad \u2022 Hill & Piibe","isPartOf":{"@id":"https:\/\/www.hillandpiibe.com\/en\/#website"},"datePublished":"2017-03-20T17:46:40+00:00","dateModified":"2017-06-08T17:35:20+00:00","description":"Los abogados de inmigraci\u00f3n de Hill & Piibe's L.A. est\u00e1n comprometidos en ayudar a la comunidad de inmigrantes y proveer servicios gratuitos de informaci\u00f3n sobre la ley de inmigraci\u00f3n.","breadcrumb":{"@id":"https:\/\/www.hillandpiibe.com\/es\/why-choose-us\/in-the-community\/#breadcrumb"},"inLanguage":"es","potentialAction":[{"@type":"ReadAction","target":["https:\/\/www.hillandpiibe.com\/es\/why-choose-us\/in-the-community\/"]}]},{"@type":"BreadcrumbList","@id":"https:\/\/www.hillandpiibe.com\/es\/why-choose-us\/in-the-community\/#breadcrumb","itemListElement":[{"@type":"ListItem","position":1,"name":"Home","item":"https:\/\/www.hillandpiibe.com\/es\/"},{"@type":"ListItem","position":2,"name":"Por qu\u00e9 elegirnos","item":"https:\/\/www.hillandpiibe.com\/es\/why-choose-us\/"},{"@type":"ListItem","position":3,"name":"En la comunidad"}]},{"@type":"WebSite","@id":"https:\/\/www.hillandpiibe.com\/en\/#website","url":"https:\/\/www.hillandpiibe.com\/en\/","name":"Hill &amp; Piibe, Immigration Attorneys","description":"","potentialAction":[{"@type":"SearchAction","target":{"@type":"EntryPoint","urlTemplate":"https:\/\/www.hillandpiibe.com\/en\/?s={search_term_string}"},"query-input":{"@type":"PropertyValueSpecification","valueRequired":true,"valueName":"search_term_string"}}],"inLanguage":"es"}]}},"jetpack_sharing_enabled":true,"_links":{"self":[{"href":"https:\/\/www.hillandpiibe.com\/es\/wp-json\/wp\/v2\/pages\/254","targetHints":{"allow":["GET"]}}],"collection":[{"href":"https:\/\/www.hillandpiibe.com\/es\/wp-json\/wp\/v2\/pages"}],"about":[{"href":"https:\/\/www.hillandpiibe.com\/es\/wp-json\/wp\/v2\/types\/page"}],"author":[{"embeddable":true,"href":"https:\/\/www.hillandpiibe.com\/es\/wp-json\/wp\/v2\/users\/448"}],"replies":[{"embeddable":true,"href":"https:\/\/www.hillandpiibe.com\/es\/wp-json\/wp\/v2\/comments?post=254"}],"version-history":[{"count":0,"href":"https:\/\/www.hillandpiibe.com\/es\/wp-json\/wp\/v2\/pages\/254\/revisions"}],"up":[{"embeddable":true,"href":"https:\/\/www.hillandpiibe.com\/es\/wp-json\/wp\/v2\/pages\/252"}],"wp:attachment":[{"href":"https:\/\/www.hillandpiibe.com\/es\/wp-json\/wp\/v2\/media?parent=254"}],"curies":[{"name":"wp","href":"https:\/\/api.w.org\/{rel}","templated":true}]}}