{"id":253,"date":"2017-03-20T10:46:26","date_gmt":"2017-03-20T17:46:26","guid":{"rendered":"https:\/\/www.hillandpiibe.com\/?page_id=253\/"},"modified":"2021-02-19T14:16:04","modified_gmt":"2021-02-19T22:16:04","slug":"history-philosophy","status":"publish","type":"page","link":"https:\/\/www.hillandpiibe.com\/es\/why-choose-us\/history-philosophy\/","title":{"rendered":"Historia y Filosof\u00eda"},"content":{"rendered":"<h2>Acerca de Hill &amp; Piibe, Firma de Abogados de Inmigraci\u00f3n de Los \u00c1ngeles<\/h2>\n<h3>Nuestra Historia<\/h3>\n<p>Desde 1998, no hemos hecho m\u00e1s que leyes relacionadas con la inmigraci\u00f3n. Socios <a href=\"\/es\/attorneys\/susan-e-hill\/\">Susan Hill<\/a> y <a href=\"\/es\/attorneys\/alary-e-piibe\/\">Alary Piibe<\/a> pasaron todos los d\u00edas en la corte de inmigraci\u00f3n, manejando todo tipo de casos y apelaciones. La pr\u00e1ctica se ha ampliado para incluir casos de familia, naturalizaci\u00f3n y casos de inmigraci\u00f3n comercial, especialmente visas de \u00abcapacidad extraordinaria\u00bb y tarjetas verdes. En 2013 agregamos otra oficina para atender el Condado de South Orange en San Juan Capistrano.<\/p>\n<h3>Nuestra Filosof\u00eda<\/h3>\n<p>Sabemos que el sistema de inmigraci\u00f3n puede ser complicado y estamos aqu\u00ed para facilitarle el proceso. Proporcionamos una evaluaci\u00f3n honesta y veraz de su caso antes de decidirse a contratar a nosotros, y nunca prometemos m\u00e1s de lo que la ley puede hacer por usted. Tambi\u00e9n sabemos que desea tener actualizaciones peri\u00f3dicas sobre el progreso del caso, y r\u00e1pidamente devolvemos sus correos electr\u00f3nicos y llamadas telef\u00f3nicas.<\/p>\n<p>Les quitamos la preocupaci\u00f3n, el inconveniente y la duda que ocurre cuando trata de navegar las leyes usted mismo.<\/p>\n<p>Por \u00faltimo, tenemos un <a href=\"https:\/\/www.hillandpiibe.com\/es\/blog-newsletter\/hill-piibe-newsletter\/\">bolet\u00edn informativo<\/a> para mantener informados a nuestros clientes sobre la evoluci\u00f3n de la ley. Nuestra base de clientes es casi 100% de referencias de otros clientes satisfechos, y nunca olvidamos que usted quiere la verdad sobre su caso, y saber que nuestro personal est\u00e1 dedicado a sus intereses.<\/p>\n<p>Le recomendamos que visite nuestra <a href=\"\/es\/notable-cases\/\">secci\u00f3n Casos Notables<\/a>, donde podr\u00e1 revisar nuestros \u00e9xitos m\u00e1s recientes para entender el tipo de trabajo que realiza la empresa.<\/p>\n<p>Con dos ubicaciones (Downtown Los \u00c1ngeles y San Juan Capistrano en Sur Orange County) Los abogados de inmigraci\u00f3n y deportaci\u00f3n del sur de California en Hill &amp; Piibe sirven a clientes de todas las nacionalidades en Los \u00c1ngeles County, Riverside County, Bakersfield County, San Bernardino County, Orange County, San Diego County, Ventura County, and Santa Barbar\u00e1 County.<\/p>\n<ul>\n<li><a href=\"\/es\/contact-us\/\">Evaluaci\u00f3n inicial gratuita del caso<\/a><\/li>\n<\/ul>\n","protected":false},"excerpt":{"rendered":"<p>Acerca de Hill &amp; Piibe, Firma de Abogados de Inmigraci\u00f3n de Los \u00c1ngeles Nuestra Historia Desde 1998, no hemos hecho m\u00e1s que leyes relacionadas con la inmigraci\u00f3n. Socios Susan Hill y Alary Piibe pasaron todos los d\u00edas en la corte de inmigraci\u00f3n, manejando todo tipo de casos y apelaciones. La pr\u00e1ctica se ha ampliado para [&hellip;]<\/p>\n","protected":false},"author":448,"featured_media":0,"parent":252,"menu_order":0,"comment_status":"closed","ping_status":"closed","template":"","meta":{"_acf_changed":false,"footnotes":""},"class_list":["post-253","page","type-page","status-publish","hentry"],"acf":[],"yoast_head":"<!-- This site is optimized with the Yoast SEO plugin v27.2 - https:\/\/yoast.com\/product\/yoast-seo-wordpress\/ -->\n<title>Hill &amp; Piibe \u2022 Abogado de Inmigraci\u00f3n de Los \u00c1ngeles<\/title>\n<meta name=\"description\" content=\"Desde 1998, el bufete de abogados de inmigraci\u00f3n de Los \u00c1ngeles Hill &amp; Piibe no ha hecho m\u00e1s que leyes relacionadas con la inmigraci\u00f3n. NOMBRAMIENTOS GRATUITOS.\" \/>\n<meta name=\"robots\" content=\"index, follow, max-snippet:-1, max-image-preview:large, max-video-preview:-1\" \/>\n<link rel=\"canonical\" href=\"https:\/\/www.hillandpiibe.com\/es\/why-choose-us\/history-philosophy\/\" \/>\n<meta name=\"twitter:label1\" content=\"Tiempo de lectura\" \/>\n\t<meta name=\"twitter:data1\" content=\"2 minutos\" \/>\n<script type=\"application\/ld+json\" class=\"yoast-schema-graph\">{\"@context\":\"https:\/\/schema.org\",\"@graph\":[{\"@type\":\"WebPage\",\"@id\":\"https:\/\/www.hillandpiibe.com\/es\/why-choose-us\/history-philosophy\/\",\"url\":\"https:\/\/www.hillandpiibe.com\/es\/why-choose-us\/history-philosophy\/\",\"name\":\"Hill & Piibe \u2022 Abogado de Inmigraci\u00f3n de Los \u00c1ngeles\",\"isPartOf\":{\"@id\":\"https:\/\/www.hillandpiibe.com\/en\/#website\"},\"datePublished\":\"2017-03-20T17:46:26+00:00\",\"dateModified\":\"2021-02-19T22:16:04+00:00\",\"description\":\"Desde 1998, el bufete de abogados de inmigraci\u00f3n de Los \u00c1ngeles Hill & Piibe no ha hecho m\u00e1s que leyes relacionadas con la inmigraci\u00f3n. NOMBRAMIENTOS GRATUITOS.\",\"breadcrumb\":{\"@id\":\"https:\/\/www.hillandpiibe.com\/es\/why-choose-us\/history-philosophy\/#breadcrumb\"},\"inLanguage\":\"es\",\"potentialAction\":[{\"@type\":\"ReadAction\",\"target\":[\"https:\/\/www.hillandpiibe.com\/es\/why-choose-us\/history-philosophy\/\"]}]},{\"@type\":\"BreadcrumbList\",\"@id\":\"https:\/\/www.hillandpiibe.com\/es\/why-choose-us\/history-philosophy\/#breadcrumb\",\"itemListElement\":[{\"@type\":\"ListItem\",\"position\":1,\"name\":\"Home\",\"item\":\"https:\/\/www.hillandpiibe.com\/es\/\"},{\"@type\":\"ListItem\",\"position\":2,\"name\":\"Por qu\u00e9 elegirnos\",\"item\":\"https:\/\/www.hillandpiibe.com\/es\/why-choose-us\/\"},{\"@type\":\"ListItem\",\"position\":3,\"name\":\"Historia y Filosof\u00eda\"}]},{\"@type\":\"WebSite\",\"@id\":\"https:\/\/www.hillandpiibe.com\/en\/#website\",\"url\":\"https:\/\/www.hillandpiibe.com\/en\/\",\"name\":\"Hill &amp; Piibe, Immigration Attorneys\",\"description\":\"\",\"potentialAction\":[{\"@type\":\"SearchAction\",\"target\":{\"@type\":\"EntryPoint\",\"urlTemplate\":\"https:\/\/www.hillandpiibe.com\/en\/?s={search_term_string}\"},\"query-input\":{\"@type\":\"PropertyValueSpecification\",\"valueRequired\":true,\"valueName\":\"search_term_string\"}}],\"inLanguage\":\"es\"}]}<\/script>\n<!-- \/ Yoast SEO plugin. -->","yoast_head_json":{"title":"Hill & Piibe \u2022 Abogado de Inmigraci\u00f3n de Los \u00c1ngeles","description":"Desde 1998, el bufete de abogados de inmigraci\u00f3n de Los \u00c1ngeles Hill & Piibe no ha hecho m\u00e1s que leyes relacionadas con la inmigraci\u00f3n. NOMBRAMIENTOS GRATUITOS.","robots":{"index":"index","follow":"follow","max-snippet":"max-snippet:-1","max-image-preview":"max-image-preview:large","max-video-preview":"max-video-preview:-1"},"canonical":"https:\/\/www.hillandpiibe.com\/es\/why-choose-us\/history-philosophy\/","twitter_misc":{"Tiempo de lectura":"2 minutos"},"schema":{"@context":"https:\/\/schema.org","@graph":[{"@type":"WebPage","@id":"https:\/\/www.hillandpiibe.com\/es\/why-choose-us\/history-philosophy\/","url":"https:\/\/www.hillandpiibe.com\/es\/why-choose-us\/history-philosophy\/","name":"Hill & Piibe \u2022 Abogado de Inmigraci\u00f3n de Los \u00c1ngeles","isPartOf":{"@id":"https:\/\/www.hillandpiibe.com\/en\/#website"},"datePublished":"2017-03-20T17:46:26+00:00","dateModified":"2021-02-19T22:16:04+00:00","description":"Desde 1998, el bufete de abogados de inmigraci\u00f3n de Los \u00c1ngeles Hill & Piibe no ha hecho m\u00e1s que leyes relacionadas con la inmigraci\u00f3n. NOMBRAMIENTOS GRATUITOS.","breadcrumb":{"@id":"https:\/\/www.hillandpiibe.com\/es\/why-choose-us\/history-philosophy\/#breadcrumb"},"inLanguage":"es","potentialAction":[{"@type":"ReadAction","target":["https:\/\/www.hillandpiibe.com\/es\/why-choose-us\/history-philosophy\/"]}]},{"@type":"BreadcrumbList","@id":"https:\/\/www.hillandpiibe.com\/es\/why-choose-us\/history-philosophy\/#breadcrumb","itemListElement":[{"@type":"ListItem","position":1,"name":"Home","item":"https:\/\/www.hillandpiibe.com\/es\/"},{"@type":"ListItem","position":2,"name":"Por qu\u00e9 elegirnos","item":"https:\/\/www.hillandpiibe.com\/es\/why-choose-us\/"},{"@type":"ListItem","position":3,"name":"Historia y Filosof\u00eda"}]},{"@type":"WebSite","@id":"https:\/\/www.hillandpiibe.com\/en\/#website","url":"https:\/\/www.hillandpiibe.com\/en\/","name":"Hill &amp; Piibe, Immigration Attorneys","description":"","potentialAction":[{"@type":"SearchAction","target":{"@type":"EntryPoint","urlTemplate":"https:\/\/www.hillandpiibe.com\/en\/?s={search_term_string}"},"query-input":{"@type":"PropertyValueSpecification","valueRequired":true,"valueName":"search_term_string"}}],"inLanguage":"es"}]}},"jetpack_sharing_enabled":true,"_links":{"self":[{"href":"https:\/\/www.hillandpiibe.com\/es\/wp-json\/wp\/v2\/pages\/253","targetHints":{"allow":["GET"]}}],"collection":[{"href":"https:\/\/www.hillandpiibe.com\/es\/wp-json\/wp\/v2\/pages"}],"about":[{"href":"https:\/\/www.hillandpiibe.com\/es\/wp-json\/wp\/v2\/types\/page"}],"author":[{"embeddable":true,"href":"https:\/\/www.hillandpiibe.com\/es\/wp-json\/wp\/v2\/users\/448"}],"replies":[{"embeddable":true,"href":"https:\/\/www.hillandpiibe.com\/es\/wp-json\/wp\/v2\/comments?post=253"}],"version-history":[{"count":0,"href":"https:\/\/www.hillandpiibe.com\/es\/wp-json\/wp\/v2\/pages\/253\/revisions"}],"up":[{"embeddable":true,"href":"https:\/\/www.hillandpiibe.com\/es\/wp-json\/wp\/v2\/pages\/252"}],"wp:attachment":[{"href":"https:\/\/www.hillandpiibe.com\/es\/wp-json\/wp\/v2\/media?parent=253"}],"curies":[{"name":"wp","href":"https:\/\/api.w.org\/{rel}","templated":true}]}}