{"id":250,"date":"2017-03-20T10:45:48","date_gmt":"2017-03-20T17:45:48","guid":{"rendered":"https:\/\/www.hillandpiibe.com\/?page_id=250\/"},"modified":"2017-09-21T07:49:16","modified_gmt":"2017-09-21T14:49:16","slug":"privacy-policy","status":"publish","type":"page","link":"https:\/\/www.hillandpiibe.com\/es\/privacy-policy\/","title":{"rendered":"Pol\u00edtica de Privacidad"},"content":{"rendered":"<p>Su privacidad es importante para Hill &amp; Piibe, Abogados de Inmigraci\u00f3n (\u00abnosotros\u00bb o \u00abnos\u00bb). Esta pol\u00edtica de privacidad est\u00e1 destinada tanto a: 1) describir c\u00f3mo nuestro sitio web puede recopilar y utilizar informaci\u00f3n de su dispositivo habilitado para Internet (es decir, su computadora, tableta, tel\u00e9fono inteligente u otro dispositivo, y los navegadores o aplicaciones utilizados para acceder a Internet) y 2) Describa c\u00f3mo puede optar por no recibir tal colecci\u00f3n y uso. P\u00f3ngase en contacto con nosotros si tiene preguntas sobre nuestra pol\u00edtica de privacidad.<\/p>\n<p><strong><br \/>\n Recolecci\u00f3n de datos y cookies.<\/strong> Las caracter\u00edsticas o los socios de nuestro sitio web pueden recopilar datos incluyendo, pero no limitado a: el n\u00famero de visitantes a nuestro sitio, el tiempo invertido en nuestro sitio y las p\u00e1ginas que se hacen clic, los tipos de dispositivos utilizados para acceder a nuestro sitio y el Protocolo de Internet ) De los visitantes. Usamos esta informaci\u00f3n para mejorar nuestro sitio web y marketing. Estos datos se recopilan enviando cookies (o tecnolog\u00eda de seguimiento similar) a su dispositivo. La informaci\u00f3n personal no puede ser recogida a trav\u00e9s de cookies y otras tecnolog\u00edas de seguimiento; Si anteriormente proporcion\u00f3 informaci\u00f3n de identificaci\u00f3n personal, sin embargo, las cookies pueden estar vinculadas a dicha informaci\u00f3n. La informaci\u00f3n agregada de cookies y de seguimiento puede ser compartida con terceros; Y esta pol\u00edtica de privacidad no cubre el uso de cookies por parte de terceros. Puede configurar su dispositivo para limitar o impedir el acceso a las cookies, como notificarle cuando recibe una cookie, bloquear todas las cookies o eliminar las cookies existentes.<\/p>\n<p><strong>Socios y funciones que recolectan informaci\u00f3n. <\/strong>Nuestros socios de marketing de sitios web o funciones que recolectan datos como se describe anteriormente pueden incluir, entre otros, Google anal\u00edtica, otros programas de an\u00e1lisis y el servicio de re marketing de Google AdWords. El re marketing implica el seguimiento de dispositivos que han visitado nuestro sitio web para mostrar anuncios de nuestros servicios en otros sitios web. Utilice estos sitios web <u>para saber c\u00f3mo Google utiliza los datos que recolecta, para evitar que Google Anal\u00edtica utilice datos de su dispositivo o para inhabilitar los anuncios basados \u200b\u200ben intereses de Google.<\/u><\/p>\n<p><strong>Informaci\u00f3n que nos env\u00eda.<\/strong> Por favor vea nuestra <u>renuncia<\/u> de responsabilidad, que generalmente se refiere a la informaci\u00f3n que nos envi\u00f3 intencionalmente por correo electr\u00f3nico o cualquier formulario de contacto en este sitio web. Si env\u00eda su nombre o informaci\u00f3n de contacto a nosotros, podemos usarlo para enviarle informaci\u00f3n sobre nuestros servicios. Usted puede optar por no recibir m\u00e1s informaci\u00f3n de nosotros poni\u00e9ndose en contacto con nosotros o, en su caso, utilizando una opci\u00f3n de \u00abcancelaci\u00f3n de suscripci\u00f3n\u00bb incluida en nuestras comunicaciones. No venderemos ni daremos su informaci\u00f3n de identificaci\u00f3n personal a otras partes para sus propios fines de publicidad directa.<\/p>\n<p><strong>Para los residentes de California.<\/strong> Como se ha descrito anteriormente, no revelamos informaci\u00f3n personal a terceros para su propio uso en marketing directo. La informaci\u00f3n anterior tambi\u00e9n explica c\u00f3mo puede optar por no permitir que nuestro sitio web o socios recopilen informaci\u00f3n de su dispositivo.<\/p>\n<p><strong>Cambios en esta pol\u00edtica.<\/strong> Nos reservamos el derecho de actualizar esta pol\u00edtica. Si realizamos actualizaciones, modificaremos la fecha de modificaci\u00f3n a continuaci\u00f3n.<\/p>\n<p><strong>\u00daltima modificaci\u00f3n.\u00a0<\/strong><span lang=\"es\">21 de septiembre de 2017<\/span><\/p>\n","protected":false},"excerpt":{"rendered":"<p>Su privacidad es importante para Hill &amp; Piibe, Abogados de Inmigraci\u00f3n (\u00abnosotros\u00bb o \u00abnos\u00bb). Esta pol\u00edtica de privacidad est\u00e1 destinada tanto a: 1) describir c\u00f3mo nuestro sitio web puede recopilar y utilizar informaci\u00f3n de su dispositivo habilitado para Internet (es decir, su computadora, tableta, tel\u00e9fono inteligente u otro dispositivo, y los navegadores o aplicaciones utilizados [&hellip;]<\/p>\n","protected":false},"author":448,"featured_media":0,"parent":0,"menu_order":0,"comment_status":"closed","ping_status":"closed","template":"","meta":{"_acf_changed":false,"footnotes":""},"class_list":["post-250","page","type-page","status-publish","hentry"],"acf":[],"yoast_head":"<!-- This site is optimized with the Yoast SEO plugin v27.2 - https:\/\/yoast.com\/product\/yoast-seo-wordpress\/ -->\n<title>Pol\u00edtica de Privacidad &#8226; Hill &amp; Piibe, Immigration Attorneys<\/title>\n<meta name=\"robots\" content=\"index, follow, max-snippet:-1, max-image-preview:large, max-video-preview:-1\" \/>\n<link rel=\"canonical\" href=\"https:\/\/www.hillandpiibe.com\/es\/privacy-policy\/\" \/>\n<meta name=\"twitter:label1\" content=\"Tiempo de lectura\" \/>\n\t<meta name=\"twitter:data1\" content=\"3 minutos\" \/>\n<script type=\"application\/ld+json\" class=\"yoast-schema-graph\">{\"@context\":\"https:\/\/schema.org\",\"@graph\":[{\"@type\":\"WebPage\",\"@id\":\"https:\/\/www.hillandpiibe.com\/es\/privacy-policy\/\",\"url\":\"https:\/\/www.hillandpiibe.com\/es\/privacy-policy\/\",\"name\":\"Pol\u00edtica de Privacidad &#8226; Hill &amp; Piibe, Immigration Attorneys\",\"isPartOf\":{\"@id\":\"https:\/\/www.hillandpiibe.com\/en\/#website\"},\"datePublished\":\"2017-03-20T17:45:48+00:00\",\"dateModified\":\"2017-09-21T14:49:16+00:00\",\"breadcrumb\":{\"@id\":\"https:\/\/www.hillandpiibe.com\/es\/privacy-policy\/#breadcrumb\"},\"inLanguage\":\"es\",\"potentialAction\":[{\"@type\":\"ReadAction\",\"target\":[\"https:\/\/www.hillandpiibe.com\/es\/privacy-policy\/\"]}]},{\"@type\":\"BreadcrumbList\",\"@id\":\"https:\/\/www.hillandpiibe.com\/es\/privacy-policy\/#breadcrumb\",\"itemListElement\":[{\"@type\":\"ListItem\",\"position\":1,\"name\":\"Home\",\"item\":\"https:\/\/www.hillandpiibe.com\/es\/\"},{\"@type\":\"ListItem\",\"position\":2,\"name\":\"Pol\u00edtica de Privacidad\"}]},{\"@type\":\"WebSite\",\"@id\":\"https:\/\/www.hillandpiibe.com\/en\/#website\",\"url\":\"https:\/\/www.hillandpiibe.com\/en\/\",\"name\":\"Hill &amp; Piibe, Immigration Attorneys\",\"description\":\"\",\"potentialAction\":[{\"@type\":\"SearchAction\",\"target\":{\"@type\":\"EntryPoint\",\"urlTemplate\":\"https:\/\/www.hillandpiibe.com\/en\/?s={search_term_string}\"},\"query-input\":{\"@type\":\"PropertyValueSpecification\",\"valueRequired\":true,\"valueName\":\"search_term_string\"}}],\"inLanguage\":\"es\"}]}<\/script>\n<!-- \/ Yoast SEO plugin. -->","yoast_head_json":{"title":"Pol\u00edtica de Privacidad &#8226; Hill &amp; Piibe, Immigration Attorneys","robots":{"index":"index","follow":"follow","max-snippet":"max-snippet:-1","max-image-preview":"max-image-preview:large","max-video-preview":"max-video-preview:-1"},"canonical":"https:\/\/www.hillandpiibe.com\/es\/privacy-policy\/","twitter_misc":{"Tiempo de lectura":"3 minutos"},"schema":{"@context":"https:\/\/schema.org","@graph":[{"@type":"WebPage","@id":"https:\/\/www.hillandpiibe.com\/es\/privacy-policy\/","url":"https:\/\/www.hillandpiibe.com\/es\/privacy-policy\/","name":"Pol\u00edtica de Privacidad &#8226; Hill &amp; Piibe, Immigration Attorneys","isPartOf":{"@id":"https:\/\/www.hillandpiibe.com\/en\/#website"},"datePublished":"2017-03-20T17:45:48+00:00","dateModified":"2017-09-21T14:49:16+00:00","breadcrumb":{"@id":"https:\/\/www.hillandpiibe.com\/es\/privacy-policy\/#breadcrumb"},"inLanguage":"es","potentialAction":[{"@type":"ReadAction","target":["https:\/\/www.hillandpiibe.com\/es\/privacy-policy\/"]}]},{"@type":"BreadcrumbList","@id":"https:\/\/www.hillandpiibe.com\/es\/privacy-policy\/#breadcrumb","itemListElement":[{"@type":"ListItem","position":1,"name":"Home","item":"https:\/\/www.hillandpiibe.com\/es\/"},{"@type":"ListItem","position":2,"name":"Pol\u00edtica de Privacidad"}]},{"@type":"WebSite","@id":"https:\/\/www.hillandpiibe.com\/en\/#website","url":"https:\/\/www.hillandpiibe.com\/en\/","name":"Hill &amp; Piibe, Immigration Attorneys","description":"","potentialAction":[{"@type":"SearchAction","target":{"@type":"EntryPoint","urlTemplate":"https:\/\/www.hillandpiibe.com\/en\/?s={search_term_string}"},"query-input":{"@type":"PropertyValueSpecification","valueRequired":true,"valueName":"search_term_string"}}],"inLanguage":"es"}]}},"jetpack_sharing_enabled":true,"_links":{"self":[{"href":"https:\/\/www.hillandpiibe.com\/es\/wp-json\/wp\/v2\/pages\/250","targetHints":{"allow":["GET"]}}],"collection":[{"href":"https:\/\/www.hillandpiibe.com\/es\/wp-json\/wp\/v2\/pages"}],"about":[{"href":"https:\/\/www.hillandpiibe.com\/es\/wp-json\/wp\/v2\/types\/page"}],"author":[{"embeddable":true,"href":"https:\/\/www.hillandpiibe.com\/es\/wp-json\/wp\/v2\/users\/448"}],"replies":[{"embeddable":true,"href":"https:\/\/www.hillandpiibe.com\/es\/wp-json\/wp\/v2\/comments?post=250"}],"version-history":[{"count":1,"href":"https:\/\/www.hillandpiibe.com\/es\/wp-json\/wp\/v2\/pages\/250\/revisions"}],"predecessor-version":[{"id":790,"href":"https:\/\/www.hillandpiibe.com\/es\/wp-json\/wp\/v2\/pages\/250\/revisions\/790"}],"wp:attachment":[{"href":"https:\/\/www.hillandpiibe.com\/es\/wp-json\/wp\/v2\/media?parent=250"}],"curies":[{"name":"wp","href":"https:\/\/api.w.org\/{rel}","templated":true}]}}