{"id":247,"date":"2017-03-20T10:45:17","date_gmt":"2017-03-20T17:45:17","guid":{"rendered":"https:\/\/www.hillandpiibe.com\/?page_id=247\/"},"modified":"2017-08-29T08:44:15","modified_gmt":"2017-08-29T15:44:15","slug":"disclaimer","status":"publish","type":"page","link":"https:\/\/www.hillandpiibe.com\/es\/disclaimer\/","title":{"rendered":"Renuncia"},"content":{"rendered":"<p><strong>Ninguna relaci\u00f3n de abogado-cliente<\/strong>. Hill &amp; Piibe, Abogados de Inmigraci\u00f3n mantiene este sitio web exclusivamente con fines informativos. No es asesoramiento legal o profesional y no representa necesariamente la opini\u00f3n de Hill &amp; Piibe, Abogados de Inmigraci\u00f3n o sus clientes. Ver este sitio, usar informaci\u00f3n de \u00e9l o comunicarse con Hill &amp; Piibe, Abogados de Inmigraci\u00f3n a trav\u00e9s de este sitio por correo electr\u00f3nico de Internet no crea una relaci\u00f3n abogado-cliente entre usted y Hill &amp; Piibe, Abogados de Inmigraci\u00f3n.<\/p>\n<p><strong>No dependencia. <\/strong>Los lectores en l\u00ednea no deben actuar ni rehusar actuar, bas\u00e1ndose en el contenido de este sitio, sin consultar primero a un abogado u otro profesional apropiado. Debido a que la ley cambia constantemente, el contenido de este sitio web puede no indicar el estado actual de la ley. Nada en este sitio predice o garantiza resultados futuros. Hill &amp; Piibe, Abogados de Inmigraci\u00f3n no son responsables por el uso o interpretaci\u00f3n de la informaci\u00f3n contenida en este sitio, y expresamente renuncian a toda responsabilidad por cualquier acci\u00f3n que tomes o no tomes, basada en el contenido de este sitio.<\/p>\n<p><strong>Sitios de Web.<\/strong> Hill &amp; Piibe, Abogados de Inmigraci\u00f3n no respalda necesariamente y no es responsable del contenido accedido a trav\u00e9s de los enlaces de este sitio web a otros recursos de Internet. La correcci\u00f3n y la adecuaci\u00f3n de la informaci\u00f3n en esos sitios no est\u00e1 garantizada, ya menos que se indique lo contrario, Hill &amp; Piibe, Abogados de Inmigraci\u00f3n no est\u00e1 asociado con dichos sitios vinculados.<\/p>\n<p><strong>Cont\u00e1ctenos. <\/strong>Puede enviarnos un correo electr\u00f3nico a trav\u00e9s de este sitio, pero la informaci\u00f3n que env\u00eda a Hill &amp; Piibe, Abogados de Inmigraci\u00f3n a trav\u00e9s de correo electr\u00f3nico de Internet o este sitio web no es segura y puede que no sea confidencial. Las comunicaciones con nosotros no ser\u00e1n tratadas como privilegiadas a menos que ya lo representamos. No nos env\u00ede informaci\u00f3n confidencial hasta que haya establecido una relaci\u00f3n formal de abogado-cliente con Hill &amp; Piibe, Abogados de Inmigraci\u00f3n. Incluso si lo representamos, entienda que la seguridad del correo electr\u00f3nico en Internet todav\u00eda es incierta y que acepta todos los riesgos de tal incertidumbre y posible falta de confidencialidad cuando nos env\u00eda correo electr\u00f3nico no cifrado, sensible o confidencial. El correo electr\u00f3nico de Hill &amp; Piibe, Abogados de Inmigraci\u00f3n nunca constituye una firma electr\u00f3nica, a menos que lo exprese expresamente.<\/p>\n<p><strong>Jurisdicci\u00f3n.<\/strong> Los problemas legales y las soluciones dependen de sus hechos \u00fanicos. Las leyes y los reglamentos a menudo difieren de una jurisdicci\u00f3n a otra. Los materiales en este sitio web pueden ser inapropiados en jurisdicciones distintas de California. Hill &amp; Piibe, los abogados de abogados de inmigraci\u00f3n practican principalmente en el estado de California. Los usuarios que acceden a este sitio web desde otras ubicaciones lo hacen bajo su propio riesgo y son responsables de cumplir con las leyes y regulaciones locales. Este sitio web (que no incluye sitios enlazados) est\u00e1 controlado por Hill &amp; Piibe, Abogados de Inmigraci\u00f3n. Las leyes de California se aplican a todo lo relacionado con el uso de este sitio web, sin tener en cuenta los principios de conflicto de leyes de California. Usted acepta someterse a la jurisdicci\u00f3n personal exclusiva y al lugar de la corte correspondiente de California para resolver cualquier disputa relacionado con su uso de este sitio web.<\/p>\n","protected":false},"excerpt":{"rendered":"<p>Ninguna relaci\u00f3n de abogado-cliente. Hill &amp; Piibe, Abogados de Inmigraci\u00f3n mantiene este sitio web exclusivamente con fines informativos. No es asesoramiento legal o profesional y no representa necesariamente la opini\u00f3n de Hill &amp; Piibe, Abogados de Inmigraci\u00f3n o sus clientes. Ver este sitio, usar informaci\u00f3n de \u00e9l o comunicarse con Hill &amp; Piibe, Abogados de [&hellip;]<\/p>\n","protected":false},"author":448,"featured_media":0,"parent":0,"menu_order":0,"comment_status":"closed","ping_status":"closed","template":"","meta":{"_acf_changed":false,"footnotes":""},"class_list":["post-247","page","type-page","status-publish","hentry"],"acf":[],"yoast_head":"<!-- This site is optimized with the Yoast SEO plugin v27.2 - https:\/\/yoast.com\/product\/yoast-seo-wordpress\/ -->\n<title>Renuncia &#8226; Hill &amp; Piibe, Immigration Attorneys<\/title>\n<meta name=\"robots\" content=\"index, follow, max-snippet:-1, max-image-preview:large, max-video-preview:-1\" \/>\n<link rel=\"canonical\" href=\"https:\/\/www.hillandpiibe.com\/es\/disclaimer\/\" \/>\n<meta name=\"twitter:label1\" content=\"Tiempo de lectura\" \/>\n\t<meta name=\"twitter:data1\" content=\"3 minutos\" \/>\n<script type=\"application\/ld+json\" class=\"yoast-schema-graph\">{\"@context\":\"https:\/\/schema.org\",\"@graph\":[{\"@type\":\"WebPage\",\"@id\":\"https:\/\/www.hillandpiibe.com\/es\/disclaimer\/\",\"url\":\"https:\/\/www.hillandpiibe.com\/es\/disclaimer\/\",\"name\":\"Renuncia &#8226; Hill &amp; Piibe, Immigration Attorneys\",\"isPartOf\":{\"@id\":\"https:\/\/www.hillandpiibe.com\/en\/#website\"},\"datePublished\":\"2017-03-20T17:45:17+00:00\",\"dateModified\":\"2017-08-29T15:44:15+00:00\",\"breadcrumb\":{\"@id\":\"https:\/\/www.hillandpiibe.com\/es\/disclaimer\/#breadcrumb\"},\"inLanguage\":\"es\",\"potentialAction\":[{\"@type\":\"ReadAction\",\"target\":[\"https:\/\/www.hillandpiibe.com\/es\/disclaimer\/\"]}]},{\"@type\":\"BreadcrumbList\",\"@id\":\"https:\/\/www.hillandpiibe.com\/es\/disclaimer\/#breadcrumb\",\"itemListElement\":[{\"@type\":\"ListItem\",\"position\":1,\"name\":\"Home\",\"item\":\"https:\/\/www.hillandpiibe.com\/es\/\"},{\"@type\":\"ListItem\",\"position\":2,\"name\":\"Renuncia\"}]},{\"@type\":\"WebSite\",\"@id\":\"https:\/\/www.hillandpiibe.com\/en\/#website\",\"url\":\"https:\/\/www.hillandpiibe.com\/en\/\",\"name\":\"Hill &amp; Piibe, Immigration Attorneys\",\"description\":\"\",\"potentialAction\":[{\"@type\":\"SearchAction\",\"target\":{\"@type\":\"EntryPoint\",\"urlTemplate\":\"https:\/\/www.hillandpiibe.com\/en\/?s={search_term_string}\"},\"query-input\":{\"@type\":\"PropertyValueSpecification\",\"valueRequired\":true,\"valueName\":\"search_term_string\"}}],\"inLanguage\":\"es\"}]}<\/script>\n<!-- \/ Yoast SEO plugin. -->","yoast_head_json":{"title":"Renuncia &#8226; Hill &amp; Piibe, Immigration Attorneys","robots":{"index":"index","follow":"follow","max-snippet":"max-snippet:-1","max-image-preview":"max-image-preview:large","max-video-preview":"max-video-preview:-1"},"canonical":"https:\/\/www.hillandpiibe.com\/es\/disclaimer\/","twitter_misc":{"Tiempo de lectura":"3 minutos"},"schema":{"@context":"https:\/\/schema.org","@graph":[{"@type":"WebPage","@id":"https:\/\/www.hillandpiibe.com\/es\/disclaimer\/","url":"https:\/\/www.hillandpiibe.com\/es\/disclaimer\/","name":"Renuncia &#8226; Hill &amp; Piibe, Immigration Attorneys","isPartOf":{"@id":"https:\/\/www.hillandpiibe.com\/en\/#website"},"datePublished":"2017-03-20T17:45:17+00:00","dateModified":"2017-08-29T15:44:15+00:00","breadcrumb":{"@id":"https:\/\/www.hillandpiibe.com\/es\/disclaimer\/#breadcrumb"},"inLanguage":"es","potentialAction":[{"@type":"ReadAction","target":["https:\/\/www.hillandpiibe.com\/es\/disclaimer\/"]}]},{"@type":"BreadcrumbList","@id":"https:\/\/www.hillandpiibe.com\/es\/disclaimer\/#breadcrumb","itemListElement":[{"@type":"ListItem","position":1,"name":"Home","item":"https:\/\/www.hillandpiibe.com\/es\/"},{"@type":"ListItem","position":2,"name":"Renuncia"}]},{"@type":"WebSite","@id":"https:\/\/www.hillandpiibe.com\/en\/#website","url":"https:\/\/www.hillandpiibe.com\/en\/","name":"Hill &amp; Piibe, Immigration Attorneys","description":"","potentialAction":[{"@type":"SearchAction","target":{"@type":"EntryPoint","urlTemplate":"https:\/\/www.hillandpiibe.com\/en\/?s={search_term_string}"},"query-input":{"@type":"PropertyValueSpecification","valueRequired":true,"valueName":"search_term_string"}}],"inLanguage":"es"}]}},"jetpack_sharing_enabled":true,"_links":{"self":[{"href":"https:\/\/www.hillandpiibe.com\/es\/wp-json\/wp\/v2\/pages\/247","targetHints":{"allow":["GET"]}}],"collection":[{"href":"https:\/\/www.hillandpiibe.com\/es\/wp-json\/wp\/v2\/pages"}],"about":[{"href":"https:\/\/www.hillandpiibe.com\/es\/wp-json\/wp\/v2\/types\/page"}],"author":[{"embeddable":true,"href":"https:\/\/www.hillandpiibe.com\/es\/wp-json\/wp\/v2\/users\/448"}],"replies":[{"embeddable":true,"href":"https:\/\/www.hillandpiibe.com\/es\/wp-json\/wp\/v2\/comments?post=247"}],"version-history":[{"count":0,"href":"https:\/\/www.hillandpiibe.com\/es\/wp-json\/wp\/v2\/pages\/247\/revisions"}],"wp:attachment":[{"href":"https:\/\/www.hillandpiibe.com\/es\/wp-json\/wp\/v2\/media?parent=247"}],"curies":[{"name":"wp","href":"https:\/\/api.w.org\/{rel}","templated":true}]}}