{"id":245,"date":"2017-03-20T10:44:53","date_gmt":"2017-03-20T17:44:53","guid":{"rendered":"https:\/\/www.hillandpiibe.com\/?page_id=245\/"},"modified":"2021-02-19T13:46:30","modified_gmt":"2021-02-19T21:46:30","slug":"hill-piibe-newsletter","status":"publish","type":"page","link":"https:\/\/www.hillandpiibe.com\/es\/blog-newsletter\/hill-piibe-newsletter\/","title":{"rendered":"Hill &amp; Piibe Newsletter"},"content":{"rendered":"<p>Desafortunadamente, perdimos nuestra plataforma de alojamiento para nuestros archivos de boletines. Los art\u00edculos relevantes se publicar\u00e1n en nuestro blog en 2021.<\/p>\n<ul>\n<li>Marzo 2017 &#8211; Las leyes de deportaci\u00f3n de Trump<\/li>\n<li>14 de noviembre de 2016 &#8211; Edici\u00f3n especial: Lo que sabemos hasta ahora<\/li>\n<li>9 de noviembre de 2016 &#8211; Edici\u00f3n especial sobre las elecciones de Donald Trump<\/li>\n<li>Septiembre\/Octubre 2016<\/li>\n<li>Junio\/Julio 22016<\/li>\n<li>Noviembre 2014 (Anuncio de Obama) \u00a0 \u00a0 \u00a0<\/li>\n<li>Octubre 2014<\/li>\n<\/ul>\n","protected":false},"excerpt":{"rendered":"<p>Desafortunadamente, perdimos nuestra plataforma de alojamiento para nuestros archivos de boletines. Los art\u00edculos relevantes se publicar\u00e1n en nuestro blog en 2021. Marzo 2017 &#8211; Las leyes de deportaci\u00f3n de Trump 14 de noviembre de 2016 &#8211; Edici\u00f3n especial: Lo que sabemos hasta ahora 9 de noviembre de 2016 &#8211; Edici\u00f3n especial sobre las elecciones de [&hellip;]<\/p>\n","protected":false},"author":448,"featured_media":0,"parent":244,"menu_order":0,"comment_status":"closed","ping_status":"closed","template":"","meta":{"_acf_changed":false,"footnotes":""},"class_list":["post-245","page","type-page","status-publish","hentry"],"acf":[],"yoast_head":"<!-- This site is optimized with the Yoast SEO plugin v27.2 - https:\/\/yoast.com\/product\/yoast-seo-wordpress\/ -->\n<title>Hill &amp; Piibe Newsletter &#8226; Hill &amp; Piibe, Immigration Attorneys<\/title>\n<meta name=\"robots\" content=\"index, follow, max-snippet:-1, max-image-preview:large, max-video-preview:-1\" \/>\n<link rel=\"canonical\" href=\"https:\/\/www.hillandpiibe.com\/es\/blog-newsletter\/hill-piibe-newsletter\/\" \/>\n<meta name=\"twitter:label1\" content=\"Tiempo de lectura\" \/>\n\t<meta name=\"twitter:data1\" content=\"1 minuto\" \/>\n<script type=\"application\/ld+json\" class=\"yoast-schema-graph\">{\"@context\":\"https:\/\/schema.org\",\"@graph\":[{\"@type\":\"WebPage\",\"@id\":\"https:\/\/www.hillandpiibe.com\/es\/blog-newsletter\/hill-piibe-newsletter\/\",\"url\":\"https:\/\/www.hillandpiibe.com\/es\/blog-newsletter\/hill-piibe-newsletter\/\",\"name\":\"Hill &amp; Piibe Newsletter &#8226; Hill &amp; Piibe, Immigration Attorneys\",\"isPartOf\":{\"@id\":\"https:\/\/www.hillandpiibe.com\/en\/#website\"},\"datePublished\":\"2017-03-20T17:44:53+00:00\",\"dateModified\":\"2021-02-19T21:46:30+00:00\",\"breadcrumb\":{\"@id\":\"https:\/\/www.hillandpiibe.com\/es\/blog-newsletter\/hill-piibe-newsletter\/#breadcrumb\"},\"inLanguage\":\"es\",\"potentialAction\":[{\"@type\":\"ReadAction\",\"target\":[\"https:\/\/www.hillandpiibe.com\/es\/blog-newsletter\/hill-piibe-newsletter\/\"]}]},{\"@type\":\"BreadcrumbList\",\"@id\":\"https:\/\/www.hillandpiibe.com\/es\/blog-newsletter\/hill-piibe-newsletter\/#breadcrumb\",\"itemListElement\":[{\"@type\":\"ListItem\",\"position\":1,\"name\":\"Home\",\"item\":\"https:\/\/www.hillandpiibe.com\/es\/\"},{\"@type\":\"ListItem\",\"position\":2,\"name\":\"Blog &#038; Newsletter\",\"item\":\"https:\/\/www.hillandpiibe.com\/es\/blog-newsletter\/\"},{\"@type\":\"ListItem\",\"position\":3,\"name\":\"Hill &amp; Piibe Newsletter\"}]},{\"@type\":\"WebSite\",\"@id\":\"https:\/\/www.hillandpiibe.com\/en\/#website\",\"url\":\"https:\/\/www.hillandpiibe.com\/en\/\",\"name\":\"Hill &amp; Piibe, Immigration Attorneys\",\"description\":\"\",\"potentialAction\":[{\"@type\":\"SearchAction\",\"target\":{\"@type\":\"EntryPoint\",\"urlTemplate\":\"https:\/\/www.hillandpiibe.com\/en\/?s={search_term_string}\"},\"query-input\":{\"@type\":\"PropertyValueSpecification\",\"valueRequired\":true,\"valueName\":\"search_term_string\"}}],\"inLanguage\":\"es\"}]}<\/script>\n<!-- \/ Yoast SEO plugin. -->","yoast_head_json":{"title":"Hill &amp; Piibe Newsletter &#8226; Hill &amp; Piibe, Immigration Attorneys","robots":{"index":"index","follow":"follow","max-snippet":"max-snippet:-1","max-image-preview":"max-image-preview:large","max-video-preview":"max-video-preview:-1"},"canonical":"https:\/\/www.hillandpiibe.com\/es\/blog-newsletter\/hill-piibe-newsletter\/","twitter_misc":{"Tiempo de lectura":"1 minuto"},"schema":{"@context":"https:\/\/schema.org","@graph":[{"@type":"WebPage","@id":"https:\/\/www.hillandpiibe.com\/es\/blog-newsletter\/hill-piibe-newsletter\/","url":"https:\/\/www.hillandpiibe.com\/es\/blog-newsletter\/hill-piibe-newsletter\/","name":"Hill &amp; Piibe Newsletter &#8226; Hill &amp; Piibe, Immigration Attorneys","isPartOf":{"@id":"https:\/\/www.hillandpiibe.com\/en\/#website"},"datePublished":"2017-03-20T17:44:53+00:00","dateModified":"2021-02-19T21:46:30+00:00","breadcrumb":{"@id":"https:\/\/www.hillandpiibe.com\/es\/blog-newsletter\/hill-piibe-newsletter\/#breadcrumb"},"inLanguage":"es","potentialAction":[{"@type":"ReadAction","target":["https:\/\/www.hillandpiibe.com\/es\/blog-newsletter\/hill-piibe-newsletter\/"]}]},{"@type":"BreadcrumbList","@id":"https:\/\/www.hillandpiibe.com\/es\/blog-newsletter\/hill-piibe-newsletter\/#breadcrumb","itemListElement":[{"@type":"ListItem","position":1,"name":"Home","item":"https:\/\/www.hillandpiibe.com\/es\/"},{"@type":"ListItem","position":2,"name":"Blog &#038; Newsletter","item":"https:\/\/www.hillandpiibe.com\/es\/blog-newsletter\/"},{"@type":"ListItem","position":3,"name":"Hill &amp; Piibe Newsletter"}]},{"@type":"WebSite","@id":"https:\/\/www.hillandpiibe.com\/en\/#website","url":"https:\/\/www.hillandpiibe.com\/en\/","name":"Hill &amp; Piibe, Immigration Attorneys","description":"","potentialAction":[{"@type":"SearchAction","target":{"@type":"EntryPoint","urlTemplate":"https:\/\/www.hillandpiibe.com\/en\/?s={search_term_string}"},"query-input":{"@type":"PropertyValueSpecification","valueRequired":true,"valueName":"search_term_string"}}],"inLanguage":"es"}]}},"jetpack_sharing_enabled":true,"_links":{"self":[{"href":"https:\/\/www.hillandpiibe.com\/es\/wp-json\/wp\/v2\/pages\/245","targetHints":{"allow":["GET"]}}],"collection":[{"href":"https:\/\/www.hillandpiibe.com\/es\/wp-json\/wp\/v2\/pages"}],"about":[{"href":"https:\/\/www.hillandpiibe.com\/es\/wp-json\/wp\/v2\/types\/page"}],"author":[{"embeddable":true,"href":"https:\/\/www.hillandpiibe.com\/es\/wp-json\/wp\/v2\/users\/448"}],"replies":[{"embeddable":true,"href":"https:\/\/www.hillandpiibe.com\/es\/wp-json\/wp\/v2\/comments?post=245"}],"version-history":[{"count":1,"href":"https:\/\/www.hillandpiibe.com\/es\/wp-json\/wp\/v2\/pages\/245\/revisions"}],"predecessor-version":[{"id":789,"href":"https:\/\/www.hillandpiibe.com\/es\/wp-json\/wp\/v2\/pages\/245\/revisions\/789"}],"up":[{"embeddable":true,"href":"https:\/\/www.hillandpiibe.com\/es\/wp-json\/wp\/v2\/pages\/244"}],"wp:attachment":[{"href":"https:\/\/www.hillandpiibe.com\/es\/wp-json\/wp\/v2\/media?parent=245"}],"curies":[{"name":"wp","href":"https:\/\/api.w.org\/{rel}","templated":true}]}}