{"id":243,"date":"2017-03-20T10:43:38","date_gmt":"2017-03-20T17:43:38","guid":{"rendered":"https:\/\/www.hillandpiibe.com\/?page_id=243\/"},"modified":"2019-02-22T16:43:52","modified_gmt":"2019-02-23T00:43:52","slug":"attorneys-staff","status":"publish","type":"page","link":"https:\/\/www.hillandpiibe.com\/es\/attorneys-staff\/","title":{"rendered":"Abogados y Personal"},"content":{"rendered":"<h2>Los \u00c1ngeles \u2022 Orange County<\/h2>\n<p>Los abogados de inmigraci\u00f3n de Los \u00c1ngeles en Hill &amp; Piibe tienen amplia experiencia manejando todo tipo de ley de inmigraci\u00f3n y casos de defensa de deportaci\u00f3n. Socio Alary Piibe es conocido como un litigante talentoso y agresivo, altamente experimentado con las complejidades de las exenciones y asuntos de inmigraci\u00f3n criminal. La socia Susan E. Hill es profesora adjunta de derecho y abogado de apelaciones y visas de negocios, con frecuencia solicitada para dar conferencias y asesorar a otros abogados. Junto con la experimentada compa\u00f1era Christine Green, la firma se presenta ante la Corte de Inmigraci\u00f3n en California casi todos los d\u00edas en promedio, as\u00ed como ante la Junta de Apelaciones de Inmigraci\u00f3n, el USCIS, los Tribunales Federales de Apelaci\u00f3n y USICE en asuntos de detenci\u00f3n, manejando cientos de casos por a\u00f1o. Su profundo conocimiento de la ley de inmigraci\u00f3n ha tra\u00eddo a estos abogados un <a href=\"\/es\/notable-cases\/\">impresionante historial de resultados exitosos<\/a>.<\/p>\n<p>Para obtener ayuda con su solicitud de inmigraci\u00f3n, tarjeta verde, visa o deportaci\u00f3n, <a href=\"\/es\/contact-us\/\">comun\u00edquese con los abogados de inmigraci\u00f3n de Hill &amp; Piibe<\/a>. Nuestros abogados sirven a clientes de todas las nacionalidades que viven en Los \u00c1ngeles, California, incluyendo Riverside y Bakersfield y todo el Condado de San Bernardino, Condado de Orange, Condado de San Diego, Condado de Ventura y Condado de Santa B\u00e1rbara.<\/p>\n<div id=\"tw-target-text-container\" class=\"tw-ta-container tw-nfl\">\n<h2 id=\"tw-target-text\" class=\"tw-data-text tw-ta tw-text-large\" data-placeholder=\"Translation\"><span lang=\"es\">Abogados<\/span><\/h2>\n<\/div>\n<div class=\"tmf-post-list small\"><div class=\"tmf-post tmf-post-257 attorney small first-post\">\n\t\n\t\t\t<a href=\"https:\/\/www.hillandpiibe.com\/es\/attorneys\/alary-e-piibe\/\" title=\"View Alary E. Piibe's Attorney Profile\">\n\t\t\t<img decoding=\"async\" class=\"thumbnail\" src=\"http:\/\/www.hillandpiibe.com\/wp-content\/uploads\/sites\/482\/thumbnail-images\/183-257.jpg\" alt=\"Alary E. Piibe's Profile Image\" \/>\n\t\t<\/a>\n\t\n\t<div class=\"title\">\n\t\t<a href=\"https:\/\/www.hillandpiibe.com\/es\/attorneys\/alary-e-piibe\/\" title=\"View Alary E. Piibe's Attorney Profile\">\n\t\t\tAlary E. Piibe\t\t<\/a>\n\n\t<\/div>\n\n\t<div class=\"excerpt\">\n\t\tEspecialista Certificado, Derecho de Inmigraci\u00f3n y Nacionalidad, Barra Estatal de California Consejo de Especializaci\u00f3n Legal El abogado de inmigraci\u00f3n de Los \u00c1ngeles, Alary E. Piibe, es un litigante de mucho tiempo que ha desarrollado habilidade\u2026\n\t\t\t\t\t<a href=\"https:\/\/www.hillandpiibe.com\/es\/attorneys\/alary-e-piibe\/\" class=\"read-more\" title=\"View Alary E. Piibe's Attorney Profile\">\n\t\t\t\tRead More\n\t\t\t<\/a>\n\t\t\t<\/div>\n\n\t<div class=\"clear\"><\/div>\n\t\n<\/div><div class=\"tmf-post tmf-post-258 attorney small last-post\">\n\t\n\t\t\t<a href=\"https:\/\/www.hillandpiibe.com\/es\/attorneys\/susan-e-hill\/\" title=\"View Susan E. Hill's Attorney Profile\">\n\t\t\t<img decoding=\"async\" class=\"thumbnail\" src=\"http:\/\/www.hillandpiibe.com\/wp-content\/uploads\/sites\/482\/thumbnail-images\/184-258.jpg\" alt=\"Susan E. Hill's Profile Image\" \/>\n\t\t<\/a>\n\t\n\t<div class=\"title\">\n\t\t<a href=\"https:\/\/www.hillandpiibe.com\/es\/attorneys\/susan-e-hill\/\" title=\"View Susan E. Hill's Attorney Profile\">\n\t\t\tSusan E. Hill\t\t<\/a>\n\n\t<\/div>\n\n\t<div class=\"excerpt\">\n\t\tLa abogada de inmigraci\u00f3n del Condado de Orange, Susan E. Hill, es socia en la firma de abogados de inmigraci\u00f3n Hill &amp; Piibe. Ella lidera nuestra pr\u00e1ctica en litigio de apelaci\u00f3n ante el Noveno Circuito U.S. Tribunal de Apelaciones de los Est\u2026\n\t\t\t\t\t<a href=\"https:\/\/www.hillandpiibe.com\/es\/attorneys\/susan-e-hill\/\" class=\"read-more\" title=\"View Susan E. Hill's Attorney Profile\">\n\t\t\t\tRead More\n\t\t\t<\/a>\n\t\t\t<\/div>\n\n\t<div class=\"clear\"><\/div>\n\t\n<\/div><\/div>\n<h2 id=\"tw-target-text\" data-placeholder=\"Translation\"><span lang=\"es\">Personal<\/span><\/h2>\n<div class=\"tmf-post-list small\"><div class=\"tmf-post tmf-post-592 staff small first-post\">\n\t\n\t\t\t<a href=\"https:\/\/www.hillandpiibe.com\/es\/staff\/cindy-campos\/\" title=\"View Cindy Campos's Attorney Profile\">\n\t\t\t<img decoding=\"async\" class=\"thumbnail\" src=\"http:\/\/www.hillandpiibe.com\/wp-content\/uploads\/sites\/482\/thumbnail-images\/597-592.jpg\" alt=\"Cindy Campos's Profile Image\" \/>\n\t\t<\/a>\n\t\n\t<div class=\"title\">\n\t\t<a href=\"https:\/\/www.hillandpiibe.com\/es\/staff\/cindy-campos\/\" title=\"View Cindy Campos's Attorney Profile\">\n\t\t\tCindy Campos\t\t<\/a>\n\t<\/div>\n\n\t<div class=\"excerpt\">\n\t\tCindy se uni\u00f3 a Hill &amp; Piibe en la primavera de 2018 como asistente y maneja la mayor\u00eda de casos para beneficios de inmigraci\u00f3n, como peticiones familiares, ajuste de estatus, naturalizaci\u00f3n, permisos de trabajo y m\u00e1s. Tambi\u00e9n ella es nuest\u2026\n\t\t\t\t\t<a href=\"https:\/\/www.hillandpiibe.com\/es\/staff\/cindy-campos\/\" class=\"read-more\" title=\"View Cindy Campos's Staff Profile\">\n\t\t\t\tRead More\n\t\t\t<\/a>\n\t\t\t<\/div>\n\n\t<div class=\"clear\"><\/div>\n\t\n<\/div><div class=\"tmf-post tmf-post-401 staff small last-post\">\n\t\n\t\t\t<a href=\"https:\/\/www.hillandpiibe.com\/es\/staff\/yesenia-flores\/\" title=\"View Yesenia Flores's Attorney Profile\">\n\t\t\t<img decoding=\"async\" class=\"thumbnail\" src=\"http:\/\/www.hillandpiibe.com\/wp-content\/uploads\/sites\/482\/thumbnail-images\/400-401.jpg\" alt=\"Yesenia Flores's Profile Image\" \/>\n\t\t<\/a>\n\t\n\t<div class=\"title\">\n\t\t<a href=\"https:\/\/www.hillandpiibe.com\/es\/staff\/yesenia-flores\/\" title=\"View Yesenia Flores's Attorney Profile\">\n\t\t\tYesenia Flores\t\t<\/a>\n\t<\/div>\n\n\t<div class=\"excerpt\">\n\t\tYesenia supervisa la oficina, incluyendo actuar como enlace con la facturaci\u00f3n, y tambi\u00e9n tiene una amplia experiencia con las Visas U. Ella ha estado con la firma por quince a\u00f1os y sabe los entresijos procedimiento de USCIS.\n\t\t\t\t\t<a href=\"https:\/\/www.hillandpiibe.com\/es\/staff\/yesenia-flores\/\" class=\"read-more\" title=\"View Yesenia Flores's Staff Profile\">\n\t\t\t\tRead More\n\t\t\t<\/a>\n\t\t\t<\/div>\n\n\t<div class=\"clear\"><\/div>\n\t\n<\/div><\/div>\n","protected":false},"excerpt":{"rendered":"<p>Los \u00c1ngeles \u2022 Orange County Los abogados de inmigraci\u00f3n de Los \u00c1ngeles en Hill &amp; Piibe tienen amplia experiencia manejando todo tipo de ley de inmigraci\u00f3n y casos de defensa de deportaci\u00f3n. Socio Alary Piibe es conocido como un litigante talentoso y agresivo, altamente experimentado con las complejidades de las exenciones y asuntos de inmigraci\u00f3n [&hellip;]<\/p>\n","protected":false},"author":448,"featured_media":0,"parent":0,"menu_order":0,"comment_status":"closed","ping_status":"closed","template":"","meta":{"_acf_changed":false,"footnotes":""},"class_list":["post-243","page","type-page","status-publish","hentry"],"acf":[],"yoast_head":"<!-- This site is optimized with the Yoast SEO plugin v27.2 - https:\/\/yoast.com\/product\/yoast-seo-wordpress\/ -->\n<title>Abogados y Personal &#8226; Hill &amp; Piibe, Immigration Attorneys<\/title>\n<meta name=\"robots\" content=\"index, follow, max-snippet:-1, max-image-preview:large, max-video-preview:-1\" \/>\n<link rel=\"canonical\" href=\"https:\/\/www.hillandpiibe.com\/es\/attorneys-staff\/\" \/>\n<meta name=\"twitter:label1\" content=\"Tiempo de lectura\" \/>\n\t<meta name=\"twitter:data1\" content=\"1 minuto\" \/>\n<script type=\"application\/ld+json\" class=\"yoast-schema-graph\">{\"@context\":\"https:\/\/schema.org\",\"@graph\":[{\"@type\":\"WebPage\",\"@id\":\"https:\/\/www.hillandpiibe.com\/es\/attorneys-staff\/\",\"url\":\"https:\/\/www.hillandpiibe.com\/es\/attorneys-staff\/\",\"name\":\"Abogados y Personal &#8226; Hill &amp; Piibe, Immigration Attorneys\",\"isPartOf\":{\"@id\":\"https:\/\/www.hillandpiibe.com\/en\/#website\"},\"datePublished\":\"2017-03-20T17:43:38+00:00\",\"dateModified\":\"2019-02-23T00:43:52+00:00\",\"breadcrumb\":{\"@id\":\"https:\/\/www.hillandpiibe.com\/es\/attorneys-staff\/#breadcrumb\"},\"inLanguage\":\"es\",\"potentialAction\":[{\"@type\":\"ReadAction\",\"target\":[\"https:\/\/www.hillandpiibe.com\/es\/attorneys-staff\/\"]}]},{\"@type\":\"BreadcrumbList\",\"@id\":\"https:\/\/www.hillandpiibe.com\/es\/attorneys-staff\/#breadcrumb\",\"itemListElement\":[{\"@type\":\"ListItem\",\"position\":1,\"name\":\"Home\",\"item\":\"https:\/\/www.hillandpiibe.com\/es\/\"},{\"@type\":\"ListItem\",\"position\":2,\"name\":\"Abogados y Personal\"}]},{\"@type\":\"WebSite\",\"@id\":\"https:\/\/www.hillandpiibe.com\/en\/#website\",\"url\":\"https:\/\/www.hillandpiibe.com\/en\/\",\"name\":\"Hill &amp; Piibe, Immigration Attorneys\",\"description\":\"\",\"potentialAction\":[{\"@type\":\"SearchAction\",\"target\":{\"@type\":\"EntryPoint\",\"urlTemplate\":\"https:\/\/www.hillandpiibe.com\/en\/?s={search_term_string}\"},\"query-input\":{\"@type\":\"PropertyValueSpecification\",\"valueRequired\":true,\"valueName\":\"search_term_string\"}}],\"inLanguage\":\"es\"}]}<\/script>\n<!-- \/ Yoast SEO plugin. -->","yoast_head_json":{"title":"Abogados y Personal &#8226; Hill &amp; Piibe, Immigration Attorneys","robots":{"index":"index","follow":"follow","max-snippet":"max-snippet:-1","max-image-preview":"max-image-preview:large","max-video-preview":"max-video-preview:-1"},"canonical":"https:\/\/www.hillandpiibe.com\/es\/attorneys-staff\/","twitter_misc":{"Tiempo de lectura":"1 minuto"},"schema":{"@context":"https:\/\/schema.org","@graph":[{"@type":"WebPage","@id":"https:\/\/www.hillandpiibe.com\/es\/attorneys-staff\/","url":"https:\/\/www.hillandpiibe.com\/es\/attorneys-staff\/","name":"Abogados y Personal &#8226; Hill &amp; Piibe, Immigration Attorneys","isPartOf":{"@id":"https:\/\/www.hillandpiibe.com\/en\/#website"},"datePublished":"2017-03-20T17:43:38+00:00","dateModified":"2019-02-23T00:43:52+00:00","breadcrumb":{"@id":"https:\/\/www.hillandpiibe.com\/es\/attorneys-staff\/#breadcrumb"},"inLanguage":"es","potentialAction":[{"@type":"ReadAction","target":["https:\/\/www.hillandpiibe.com\/es\/attorneys-staff\/"]}]},{"@type":"BreadcrumbList","@id":"https:\/\/www.hillandpiibe.com\/es\/attorneys-staff\/#breadcrumb","itemListElement":[{"@type":"ListItem","position":1,"name":"Home","item":"https:\/\/www.hillandpiibe.com\/es\/"},{"@type":"ListItem","position":2,"name":"Abogados y Personal"}]},{"@type":"WebSite","@id":"https:\/\/www.hillandpiibe.com\/en\/#website","url":"https:\/\/www.hillandpiibe.com\/en\/","name":"Hill &amp; Piibe, Immigration Attorneys","description":"","potentialAction":[{"@type":"SearchAction","target":{"@type":"EntryPoint","urlTemplate":"https:\/\/www.hillandpiibe.com\/en\/?s={search_term_string}"},"query-input":{"@type":"PropertyValueSpecification","valueRequired":true,"valueName":"search_term_string"}}],"inLanguage":"es"}]}},"jetpack_sharing_enabled":true,"_links":{"self":[{"href":"https:\/\/www.hillandpiibe.com\/es\/wp-json\/wp\/v2\/pages\/243","targetHints":{"allow":["GET"]}}],"collection":[{"href":"https:\/\/www.hillandpiibe.com\/es\/wp-json\/wp\/v2\/pages"}],"about":[{"href":"https:\/\/www.hillandpiibe.com\/es\/wp-json\/wp\/v2\/types\/page"}],"author":[{"embeddable":true,"href":"https:\/\/www.hillandpiibe.com\/es\/wp-json\/wp\/v2\/users\/448"}],"replies":[{"embeddable":true,"href":"https:\/\/www.hillandpiibe.com\/es\/wp-json\/wp\/v2\/comments?post=243"}],"version-history":[{"count":1,"href":"https:\/\/www.hillandpiibe.com\/es\/wp-json\/wp\/v2\/pages\/243\/revisions"}],"predecessor-version":[{"id":787,"href":"https:\/\/www.hillandpiibe.com\/es\/wp-json\/wp\/v2\/pages\/243\/revisions\/787"}],"wp:attachment":[{"href":"https:\/\/www.hillandpiibe.com\/es\/wp-json\/wp\/v2\/media?parent=243"}],"curies":[{"name":"wp","href":"https:\/\/api.w.org\/{rel}","templated":true}]}}