{"id":235,"date":"2017-03-20T10:08:23","date_gmt":"2017-03-20T17:08:23","guid":{"rendered":"https:\/\/www.hillandpiibe.com\/?page_id=235\/"},"modified":"2020-05-30T07:35:29","modified_gmt":"2020-05-30T14:35:29","slug":"home-spanish","status":"publish","type":"page","link":"https:\/\/www.hillandpiibe.com\/es\/","title":{"rendered":"Home Spanish"},"content":{"rendered":"<h1>Abogados de Inmigraci\u00f3n que sirven a La Naci\u00f3n y Al Mundo<\/h1>\n<p>Hill &amp; Piibe es una firma de abogados de inmigraci\u00f3n vers\u00e1til respaldada por los 40 a\u00f1os de experiencia de sus socios en el manejo de casos serios y revolucionarios. La firma tiene dos oficinas en el sur de California para servirle:<\/p>\n<ul>\n<li>\n<p>Centro de Los \u00c1ngeles &#8211; proporciona acceso conveniente a la Corte de Inmigraci\u00f3n y oficinas del Departamento de Seguridad Nacional.<\/p>\n<\/li>\n<li>\n<p>San Juan Capistrano &#8211; sirve las comunidades del sur del Condado de Orange, incluyendo San Clemente, Dana Point, Mission Viejo, Laguna Hills, Rancho Santa Margarita, Lake Forest, Irvine y otros vecindarios.<\/p>\n<\/li>\n<\/ul>\n<p>Socia Susan E. Hill es una ex profesora adjunta de derecho en la Facultad de Derecho de la Universidad Pepperdine en Malibu y ex m\u00e9dico de la ley \/abogado supervisor con la Facultad de Derecho de la Universidad Pepperdine y la Facultad de Derecho de la UCLA.<\/p>\n<p>Socio Alary E. Piibe es un Especialista en Inmigraci\u00f3n Certificado y renombrado litigante ante los tribunales de inmigraci\u00f3n.<\/p>\n<p>Le animamos a que aprenda sobre nuestros <a href=\"\/es\/immigration-services\/\">servicios de inmigraci\u00f3n<\/a> y <a href=\"https:\/\/www.hillandpiibe.com\/es\/why-choose-us\/our-fees\/\">citas gratis con un abogado de inmigraci\u00f3n<\/a>. <a href=\"\/es\/contact-us\/\">Cont\u00e1ctenos<\/a> para programar su cita.<\/p>\n","protected":false},"excerpt":{"rendered":"<p>Abogados de Inmigraci\u00f3n que sirven a La Naci\u00f3n y Al Mundo Hill &amp; Piibe es una firma de abogados de inmigraci\u00f3n vers\u00e1til respaldada por los 40 a\u00f1os de experiencia de sus socios en el manejo de casos serios y revolucionarios. La firma tiene dos oficinas en el sur de California para servirle: Centro de Los [&hellip;]<\/p>\n","protected":false},"author":448,"featured_media":0,"parent":0,"menu_order":0,"comment_status":"closed","ping_status":"closed","template":"","meta":{"_acf_changed":false,"footnotes":""},"class_list":["post-235","page","type-page","status-publish","hentry"],"acf":[],"yoast_head":"<!-- This site is optimized with the Yoast SEO plugin v27.2 - https:\/\/yoast.com\/product\/yoast-seo-wordpress\/ -->\n<title>Hill &amp; Piibe Abogados de Inmigraci\u00f3n \u2022 Condado de Orange \u2022 Los Angeles<\/title>\n<meta name=\"description\" content=\"Hill &amp; Piibe es una firma de abogados de inmigraci\u00f3n respaldada por los 40 a\u00f1os de experiencia de sus socios. Dos oficinas en el sur de California para servirle.\" \/>\n<meta name=\"robots\" content=\"index, follow, max-snippet:-1, max-image-preview:large, max-video-preview:-1\" \/>\n<link rel=\"canonical\" href=\"https:\/\/www.hillandpiibe.com\/es\/\" \/>\n<meta name=\"twitter:label1\" content=\"Tiempo de lectura\" \/>\n\t<meta name=\"twitter:data1\" content=\"1 minuto\" \/>\n<script type=\"application\/ld+json\" class=\"yoast-schema-graph\">{\"@context\":\"https:\/\/schema.org\",\"@graph\":[{\"@type\":\"WebPage\",\"@id\":\"https:\/\/www.hillandpiibe.com\/es\/\",\"url\":\"https:\/\/www.hillandpiibe.com\/es\/\",\"name\":\"Hill & Piibe Abogados de Inmigraci\u00f3n \u2022 Condado de Orange \u2022 Los Angeles\",\"isPartOf\":{\"@id\":\"https:\/\/www.hillandpiibe.com\/en\/#website\"},\"datePublished\":\"2017-03-20T17:08:23+00:00\",\"dateModified\":\"2020-05-30T14:35:29+00:00\",\"description\":\"Hill & Piibe es una firma de abogados de inmigraci\u00f3n respaldada por los 40 a\u00f1os de experiencia de sus socios. Dos oficinas en el sur de California para servirle.\",\"breadcrumb\":{\"@id\":\"https:\/\/www.hillandpiibe.com\/es\/#breadcrumb\"},\"inLanguage\":\"es\",\"potentialAction\":[{\"@type\":\"ReadAction\",\"target\":[\"https:\/\/www.hillandpiibe.com\/es\/\"]}]},{\"@type\":\"BreadcrumbList\",\"@id\":\"https:\/\/www.hillandpiibe.com\/es\/#breadcrumb\",\"itemListElement\":[{\"@type\":\"ListItem\",\"position\":1,\"name\":\"Home\",\"item\":\"https:\/\/www.hillandpiibe.com\/es\/\"},{\"@type\":\"ListItem\",\"position\":2,\"name\":\"Home Spanish\"}]},{\"@type\":\"WebSite\",\"@id\":\"https:\/\/www.hillandpiibe.com\/en\/#website\",\"url\":\"https:\/\/www.hillandpiibe.com\/en\/\",\"name\":\"Hill &amp; Piibe, Immigration Attorneys\",\"description\":\"\",\"potentialAction\":[{\"@type\":\"SearchAction\",\"target\":{\"@type\":\"EntryPoint\",\"urlTemplate\":\"https:\/\/www.hillandpiibe.com\/en\/?s={search_term_string}\"},\"query-input\":{\"@type\":\"PropertyValueSpecification\",\"valueRequired\":true,\"valueName\":\"search_term_string\"}}],\"inLanguage\":\"es\"}]}<\/script>\n<!-- \/ Yoast SEO plugin. -->","yoast_head_json":{"title":"Hill & Piibe Abogados de Inmigraci\u00f3n \u2022 Condado de Orange \u2022 Los Angeles","description":"Hill & Piibe es una firma de abogados de inmigraci\u00f3n respaldada por los 40 a\u00f1os de experiencia de sus socios. Dos oficinas en el sur de California para servirle.","robots":{"index":"index","follow":"follow","max-snippet":"max-snippet:-1","max-image-preview":"max-image-preview:large","max-video-preview":"max-video-preview:-1"},"canonical":"https:\/\/www.hillandpiibe.com\/es\/","twitter_misc":{"Tiempo de lectura":"1 minuto"},"schema":{"@context":"https:\/\/schema.org","@graph":[{"@type":"WebPage","@id":"https:\/\/www.hillandpiibe.com\/es\/","url":"https:\/\/www.hillandpiibe.com\/es\/","name":"Hill & Piibe Abogados de Inmigraci\u00f3n \u2022 Condado de Orange \u2022 Los Angeles","isPartOf":{"@id":"https:\/\/www.hillandpiibe.com\/en\/#website"},"datePublished":"2017-03-20T17:08:23+00:00","dateModified":"2020-05-30T14:35:29+00:00","description":"Hill & Piibe es una firma de abogados de inmigraci\u00f3n respaldada por los 40 a\u00f1os de experiencia de sus socios. Dos oficinas en el sur de California para servirle.","breadcrumb":{"@id":"https:\/\/www.hillandpiibe.com\/es\/#breadcrumb"},"inLanguage":"es","potentialAction":[{"@type":"ReadAction","target":["https:\/\/www.hillandpiibe.com\/es\/"]}]},{"@type":"BreadcrumbList","@id":"https:\/\/www.hillandpiibe.com\/es\/#breadcrumb","itemListElement":[{"@type":"ListItem","position":1,"name":"Home","item":"https:\/\/www.hillandpiibe.com\/es\/"},{"@type":"ListItem","position":2,"name":"Home Spanish"}]},{"@type":"WebSite","@id":"https:\/\/www.hillandpiibe.com\/en\/#website","url":"https:\/\/www.hillandpiibe.com\/en\/","name":"Hill &amp; Piibe, Immigration Attorneys","description":"","potentialAction":[{"@type":"SearchAction","target":{"@type":"EntryPoint","urlTemplate":"https:\/\/www.hillandpiibe.com\/en\/?s={search_term_string}"},"query-input":{"@type":"PropertyValueSpecification","valueRequired":true,"valueName":"search_term_string"}}],"inLanguage":"es"}]}},"jetpack_sharing_enabled":true,"_links":{"self":[{"href":"https:\/\/www.hillandpiibe.com\/es\/wp-json\/wp\/v2\/pages\/235","targetHints":{"allow":["GET"]}}],"collection":[{"href":"https:\/\/www.hillandpiibe.com\/es\/wp-json\/wp\/v2\/pages"}],"about":[{"href":"https:\/\/www.hillandpiibe.com\/es\/wp-json\/wp\/v2\/types\/page"}],"author":[{"embeddable":true,"href":"https:\/\/www.hillandpiibe.com\/es\/wp-json\/wp\/v2\/users\/448"}],"replies":[{"embeddable":true,"href":"https:\/\/www.hillandpiibe.com\/es\/wp-json\/wp\/v2\/comments?post=235"}],"version-history":[{"count":0,"href":"https:\/\/www.hillandpiibe.com\/es\/wp-json\/wp\/v2\/pages\/235\/revisions"}],"wp:attachment":[{"href":"https:\/\/www.hillandpiibe.com\/es\/wp-json\/wp\/v2\/media?parent=235"}],"curies":[{"name":"wp","href":"https:\/\/api.w.org\/{rel}","templated":true}]}}